{"id":3307,"date":"2022-06-02T19:22:18","date_gmt":"2022-06-02T19:22:18","guid":{"rendered":"https:\/\/kaphouse.pl\/metal-construction\/"},"modified":"2022-06-02T19:24:02","modified_gmt":"2022-06-02T19:24:02","slug":"metal-construction","status":"publish","type":"page","link":"https:\/\/kaphouse.pl\/de\/hausmodelle\/metal-construction\/","title":{"rendered":"Metallbau"},"content":{"rendered":"<!--themify_builder_content-->\n<div id=\"themify_builder_content-3307\" data-postid=\"3307\" class=\"themify_builder_content themify_builder_content-3307 themify_builder tf_clear\">\n                    <div  data-lazy=\"1\" class=\"module_row themify_builder_row tb_bk8l253 tb_first tf_w\">\n                        <div class=\"row_inner col_align_top tb_col_count_1 tf_box tf_rel\">\n                        <div  data-lazy=\"1\" class=\"module_column tb-column col-full tb_upu7254 first\">\n                    <!-- module text -->\n<div  class=\"module module-text tb_z1m4351   \" data-lazy=\"1\">\n        <div  class=\"tb_text_wrap\">\n        <h1>Metallbau<\/h1>    <\/div>\n<\/div>\n<!-- \/module text --><!-- module image -->\n<div  class=\"module module-image tb_qiu6757 image-top   tf_mw\" data-lazy=\"1\">\n        <div class=\"image-wrap tf_rel tf_mw\">\n            <img loading=\"lazy\" decoding=\"async\" src=\"https:\/\/kaphouse.pl\/wp-content\/uploads\/2022\/04\/20210330_120429-1024x576-1157x591.jpg\" width=\"1157\" height=\"591\" class=\"wp-post-image wp-image-3161\" title=\"20210330_120429\" alt=\"20210330_120429\">    \n        <\/div>\n    <!-- \/image-wrap -->\n    \n        <\/div>\n<!-- \/module image --><!-- module text -->\n<div  class=\"module module-text tb_kibg151   \" data-lazy=\"1\">\n        <div  class=\"tb_text_wrap\">\n        <p><span style=\"background-color: initial; color: #666666; font-size: 1em; font-weight: normal;\">\u00a0<\/span><\/p>\n<h4>KAUFEN SIE EINE FERTIGE METALLKONSTRUKTION F\u00dcR EIN KLEINES HAUS<\/h4>\n<p>Wir verkaufen vorgefertigte Strukturen, auf denen Sie problemlos Tiny House H\u00e4user bauen k\u00f6nnen. Dies ist die Grundlage f\u00fcr ein solides und gut gelegenes Haus auf R\u00e4dern. Die Konstruktion, die auf dem Chassis mit Homologation und allen Genehmigungen platziert ist, erm\u00f6glicht es Ihnen, die Sicherheit beim Einbetten des Hauses in das Chassis und beim anschlie\u00dfenden Mischen des Hauses auf R\u00e4dern aufrechtzuerhalten.<\/p>    <\/div>\n<\/div>\n<!-- \/module text -->        <div  data-lazy=\"1\" class=\"module_subrow themify_builder_sub_row tf_w col_align_top tb_col_count_1 tb_8cd6111\">\n                <div  data-lazy=\"1\" class=\"module_column sub_column col-full tb_1g7h111 first\">\n                    <!-- module text -->\n<div  class=\"module module-text tb_xgdq135   \" data-lazy=\"1\">\n        <div  class=\"tb_text_wrap\">\n        <p>Dank der Verwendung der neuesten Computertechnologien und der hervorragenden Ausr\u00fcstung ist es m\u00f6glich, effizient und genau verzinkte Stahlkonstruktionen herzustellen, die in der K\u00e4lte gebogen sind. Die strategische Idee besteht darin, professionelle und praktische L\u00f6sungen zu verbreiten, die die Prozesse der Konstruktion, Herstellung und Montage von leichten Stahlkonstruktionen verbessern. Stahlleichtbau bietet viele einzigartige Vorteile f\u00fcr Investoren und Anwender:<\/p>    <\/div>\n<\/div>\n<!-- \/module text -->        <\/div>\n                    <\/div>\n                <div  data-lazy=\"1\" class=\"module_subrow themify_builder_sub_row tf_w col_align_top tb_col_count_2 tb_tmm7768\">\n                <div  data-lazy=\"1\" class=\"module_column sub_column col2-1 tb_nns3770 first\">\n                    <!-- module text -->\n<div  class=\"module module-text tb_wgeb674   \" data-lazy=\"1\">\n        <div  class=\"tb_text_wrap\">\n        <ol>\n<li>Geschwindigkeit der Konstruktion und Produktion,<\/li>\n<li>hohe Montagerate,<\/li>\n<li>Langlebigkeit und Pr\u00e4zision,<\/li>\n<li>Best\u00e4ndigkeit gegen Korrosion und biologische Arbeitsstoffe,<\/li>\n<li>nicht brennbar,<\/li>\n<li>kein Bedarf an qualifiziertem Personal und schwerem Ger\u00e4t,<\/li>\n<li>geringere Transport- und Lieferkosten<\/li>\n<\/ol>    <\/div>\n<\/div>\n<!-- \/module text -->        <\/div>\n                    <div  data-lazy=\"1\" class=\"module_column sub_column col2-1 tb_w9il770 last\">\n                    <!-- module image -->\n<div  class=\"module module-image tb_i55y559 image-top   tf_mw\" data-lazy=\"1\">\n        <div class=\"image-wrap tf_rel tf_mw\">\n            <img loading=\"lazy\" decoding=\"async\" width=\"932\" height=\"623\" src=\"https:\/\/kaphouse.pl\/wp-content\/uploads\/2022\/04\/Tiny-House-1.jpg\" class=\"wp-post-image wp-image-3029\" title=\"Tiny House (1)\" alt=\"Tiny House (1)\" srcset=\"https:\/\/kaphouse.pl\/wp-content\/uploads\/2022\/04\/Tiny-House-1.jpg 932w, https:\/\/kaphouse.pl\/wp-content\/uploads\/2022\/04\/Tiny-House-1-300x201.jpg 300w, https:\/\/kaphouse.pl\/wp-content\/uploads\/2022\/04\/Tiny-House-1-768x513.jpg 768w\" sizes=\"auto, (max-width: 932px) 100vw, 932px\" \/>    \n        <\/div>\n    <!-- \/image-wrap -->\n    \n        <\/div>\n<!-- \/module image -->        <\/div>\n                    <\/div>\n                <\/div>\n                        <\/div>\n        <\/div>\n                        <div  data-lazy=\"1\" class=\"module_row themify_builder_row tb_8fs0402 tf_w\">\n                        <div class=\"row_inner col_align_top tb_col_count_1 tf_box tf_rel\">\n                        <div  data-lazy=\"1\" class=\"module_column tb-column col-full tb_7h7x403 first\">\n                            <div  data-lazy=\"1\" class=\"module_subrow themify_builder_sub_row tf_w col_align_top tb_col_count_1 tb_jopv802\">\n                <div  data-lazy=\"1\" class=\"module_column sub_column col-full tb_41v2803 first\">\n                    <!-- module text -->\n<div  class=\"module module-text tb_4244540   \" data-lazy=\"1\">\n        <div  class=\"tb_text_wrap\">\n        <p><b>\u00a0<\/b><\/p>\n<p><strong>Leichte Stahlkonstruktionen sind auch \u00e4u\u00dferst umweltfreundlich. Ihre Produktion ben\u00f6tigt weniger Energie und ist zu 100% recycelbar.<\/strong><\/p>\n<p><b>\u00a0<\/b><\/p>    <\/div>\n<\/div>\n<!-- \/module text -->        <\/div>\n                    <\/div>\n        <!-- module gallery -->\n<div  class=\"module gallery module-gallery tb_996i942 layout-grid  \" data-lazy=\"1\">\n    <div class=\"module-gallery-grid\" style=\"--gald:4;--galt:4;--galm:4\">\n            <dl class=\"gallery-item\">\n            <dt class=\"gallery-icon\">\n            <a data-title=\"\" title=\"\" href=\"https:\/\/kaphouse.pl\/wp-content\/uploads\/2022\/04\/Tiny-House-1.jpeg\" data-rel=\"tb_996i942\" class=\"themify_lightbox\"><img loading=\"lazy\" decoding=\"async\" src=\"https:\/\/kaphouse.pl\/wp-content\/uploads\/2022\/04\/Tiny-House-1-1024x576-300x200.jpeg\" width=\"300\" height=\"200\" class=\"wp-post-image wp-image-3026\" title=\"Tiny House (1)\" alt=\"Tiny House (1)\"><\/a>            <\/dt>\n                    <\/dl>\n            <dl class=\"gallery-item\">\n            <dt class=\"gallery-icon\">\n            <a data-title=\"\" title=\"\" href=\"https:\/\/kaphouse.pl\/wp-content\/uploads\/2022\/04\/Tiny-House-2.jpeg\" data-rel=\"tb_996i942\" class=\"themify_lightbox\"><img loading=\"lazy\" decoding=\"async\" src=\"https:\/\/kaphouse.pl\/wp-content\/uploads\/2022\/04\/Tiny-House-2-1024x576-300x200.jpeg\" width=\"300\" height=\"200\" class=\"wp-post-image wp-image-3032\" title=\"Tiny House (2)\" alt=\"Tiny House (2)\"><\/a>            <\/dt>\n                    <\/dl>\n            <dl class=\"gallery-item\">\n            <dt class=\"gallery-icon\">\n            <a data-title=\"\" title=\"\" href=\"https:\/\/kaphouse.pl\/wp-content\/uploads\/2022\/04\/20210330_120456-scaled.jpg\" data-rel=\"tb_996i942\" class=\"themify_lightbox\"><img loading=\"lazy\" decoding=\"async\" src=\"https:\/\/kaphouse.pl\/wp-content\/uploads\/2022\/04\/20210330_120456-1024x576-300x200.jpg\" width=\"300\" height=\"200\" class=\"wp-post-image wp-image-3143\" title=\"20210330_120456\" alt=\"20210330_120456\"><\/a>            <\/dt>\n                    <\/dl>\n            <dl class=\"gallery-item\">\n            <dt class=\"gallery-icon\">\n            <a data-title=\"\" title=\"\" href=\"https:\/\/kaphouse.pl\/wp-content\/uploads\/2022\/04\/20210330_120458-scaled.jpg\" data-rel=\"tb_996i942\" class=\"themify_lightbox\"><img loading=\"lazy\" decoding=\"async\" src=\"https:\/\/kaphouse.pl\/wp-content\/uploads\/2022\/04\/20210330_120458-1024x576-300x200.jpg\" width=\"300\" height=\"200\" class=\"wp-post-image wp-image-3146\" title=\"20210330_120458\" alt=\"20210330_120458\"><\/a>            <\/dt>\n                    <\/dl>\n            <dl class=\"gallery-item\">\n            <dt class=\"gallery-icon\">\n            <a data-title=\"\" title=\"\" href=\"https:\/\/kaphouse.pl\/wp-content\/uploads\/2022\/04\/20210330_120534-scaled.jpg\" data-rel=\"tb_996i942\" class=\"themify_lightbox\"><img loading=\"lazy\" decoding=\"async\" src=\"https:\/\/kaphouse.pl\/wp-content\/uploads\/2022\/04\/20210330_120534-1024x576-300x200.jpg\" width=\"300\" height=\"200\" class=\"wp-post-image wp-image-3149\" title=\"20210330_120534\" alt=\"20210330_120534\"><\/a>            <\/dt>\n                    <\/dl>\n            <dl class=\"gallery-item\">\n            <dt class=\"gallery-icon\">\n            <a data-title=\"\" title=\"\" href=\"https:\/\/kaphouse.pl\/wp-content\/uploads\/2022\/04\/20210330_120541-scaled.jpg\" data-rel=\"tb_996i942\" class=\"themify_lightbox\"><img loading=\"lazy\" decoding=\"async\" src=\"https:\/\/kaphouse.pl\/wp-content\/uploads\/2022\/04\/20210330_120541-576x1024-300x200.jpg\" width=\"300\" height=\"200\" class=\"wp-post-image wp-image-3152\" title=\"20210330_120541\" alt=\"20210330_120541\"><\/a>            <\/dt>\n                    <\/dl>\n            <dl class=\"gallery-item\">\n            <dt class=\"gallery-icon\">\n            <a data-title=\"\" title=\"\" href=\"https:\/\/kaphouse.pl\/wp-content\/uploads\/2022\/04\/Tiny-House-1-1.jpeg\" data-rel=\"tb_996i942\" class=\"themify_lightbox\"><img loading=\"lazy\" decoding=\"async\" src=\"https:\/\/kaphouse.pl\/wp-content\/uploads\/2022\/04\/Tiny-House-1-1-1024x576-300x200.jpeg\" width=\"300\" height=\"200\" class=\"wp-post-image wp-image-3155\" title=\"Tiny House (1)\" alt=\"Tiny House (1)\"><\/a>            <\/dt>\n                    <\/dl>\n            <dl class=\"gallery-item\">\n            <dt class=\"gallery-icon\">\n            <a data-title=\"\" title=\"\" href=\"https:\/\/kaphouse.pl\/wp-content\/uploads\/2022\/04\/20210330_120429-scaled.jpg\" data-rel=\"tb_996i942\" class=\"themify_lightbox\"><img loading=\"lazy\" decoding=\"async\" src=\"https:\/\/kaphouse.pl\/wp-content\/uploads\/2022\/04\/20210330_120429-1024x576-300x200.jpg\" width=\"300\" height=\"200\" class=\"wp-post-image wp-image-3161\" title=\"20210330_120429\" alt=\"20210330_120429\"><\/a>            <\/dt>\n                    <\/dl>\n    <\/div>\n<\/div>\n<!-- \/module gallery -->        <\/div>\n                        <\/div>\n        <\/div>\n        <\/div>\n<!--\/themify_builder_content-->\n\n<p><\/p>","protected":false},"excerpt":{"rendered":"","protected":false},"author":3,"featured_media":0,"parent":843,"menu_order":0,"comment_status":"closed","ping_status":"closed","template":"","meta":{"nf_dc_page":"","footnotes":""},"class_list":["post-3307","page","type-page","status-publish","hentry","has-post-title","has-post-date","has-post-category","has-post-tag","has-post-comment","has-post-author",""],"yoast_head":"<!-- This site is optimized with the Yoast SEO Premium plugin v21.3 (Yoast SEO v27.4) - https:\/\/yoast.com\/product\/yoast-seo-premium-wordpress\/ -->\n<title>Metallbau - KAP House<\/title>\n<meta name=\"robots\" content=\"index, follow, max-snippet:-1, max-image-preview:large, max-video-preview:-1\" \/>\n<link rel=\"canonical\" href=\"https:\/\/kaphouse.pl\/de\/hausmodelle\/metal-construction\/\" \/>\n<meta property=\"og:locale\" content=\"de_DE\" \/>\n<meta property=\"og:type\" content=\"article\" \/>\n<meta property=\"og:title\" content=\"Metallbau\" \/>\n<meta property=\"og:url\" content=\"https:\/\/kaphouse.pl\/de\/hausmodelle\/metal-construction\/\" \/>\n<meta property=\"og:site_name\" content=\"KAP House\" \/>\n<meta property=\"article:modified_time\" content=\"2022-06-02T19:24:02+00:00\" \/>\n<meta name=\"twitter:card\" content=\"summary_large_image\" \/>\n<script type=\"application\/ld+json\" class=\"yoast-schema-graph\">{\"@context\":\"https:\\\/\\\/schema.org\",\"@graph\":[{\"@type\":\"WebPage\",\"@id\":\"https:\\\/\\\/kaphouse.pl\\\/de\\\/hausmodelle\\\/metal-construction\\\/\",\"url\":\"https:\\\/\\\/kaphouse.pl\\\/de\\\/hausmodelle\\\/metal-construction\\\/\",\"name\":\"Metallbau - KAP House\",\"isPartOf\":{\"@id\":\"https:\\\/\\\/kaphouse.pl\\\/de\\\/#website\"},\"datePublished\":\"2022-06-02T19:22:18+00:00\",\"dateModified\":\"2022-06-02T19:24:02+00:00\",\"breadcrumb\":{\"@id\":\"https:\\\/\\\/kaphouse.pl\\\/de\\\/hausmodelle\\\/metal-construction\\\/#breadcrumb\"},\"inLanguage\":\"de\",\"potentialAction\":[{\"@type\":\"ReadAction\",\"target\":[\"https:\\\/\\\/kaphouse.pl\\\/de\\\/hausmodelle\\\/metal-construction\\\/\"]}]},{\"@type\":\"BreadcrumbList\",\"@id\":\"https:\\\/\\\/kaphouse.pl\\\/de\\\/hausmodelle\\\/metal-construction\\\/#breadcrumb\",\"itemListElement\":[{\"@type\":\"ListItem\",\"position\":1,\"name\":\"Strona g\u0142\u00f3wna\",\"item\":\"https:\\\/\\\/kaphouse.pl\\\/de\\\/\"},{\"@type\":\"ListItem\",\"position\":2,\"name\":\"Hausmodelle\",\"item\":\"https:\\\/\\\/kaphouse.pl\\\/de\\\/hausmodelle\\\/\"},{\"@type\":\"ListItem\",\"position\":3,\"name\":\"Metallbau\"}]},{\"@type\":\"WebSite\",\"@id\":\"https:\\\/\\\/kaphouse.pl\\\/de\\\/#website\",\"url\":\"https:\\\/\\\/kaphouse.pl\\\/de\\\/\",\"name\":\"KAP House - Tiny House - Domki mobilne na ko\u0142ach\",\"description\":\"Twoja wizja jest dla nas inspiracj\u0105\",\"publisher\":{\"@id\":\"https:\\\/\\\/kaphouse.pl\\\/de\\\/#organization\"},\"alternateName\":\"KAP House - Producent Domow mobilnych i modulowych na ko\u0142ach\",\"potentialAction\":[{\"@type\":\"SearchAction\",\"target\":{\"@type\":\"EntryPoint\",\"urlTemplate\":\"https:\\\/\\\/kaphouse.pl\\\/de\\\/?s={search_term_string}\"},\"query-input\":{\"@type\":\"PropertyValueSpecification\",\"valueRequired\":true,\"valueName\":\"search_term_string\"}}],\"inLanguage\":\"de\"},{\"@type\":\"Organization\",\"@id\":\"https:\\\/\\\/kaphouse.pl\\\/de\\\/#organization\",\"name\":\"KAP House - Tiny House - Tworzymy domki mobilne na ko\u0142ach\",\"alternateName\":\"Tiny House\",\"url\":\"https:\\\/\\\/kaphouse.pl\\\/de\\\/\",\"logo\":{\"@type\":\"ImageObject\",\"inLanguage\":\"de\",\"@id\":\"https:\\\/\\\/kaphouse.pl\\\/de\\\/#\\\/schema\\\/logo\\\/image\\\/\",\"url\":\"https:\\\/\\\/kaphouse.pl\\\/wp-content\\\/uploads\\\/2021\\\/09\\\/KAP-House-logo.png\",\"contentUrl\":\"https:\\\/\\\/kaphouse.pl\\\/wp-content\\\/uploads\\\/2021\\\/09\\\/KAP-House-logo.png\",\"width\":400,\"height\":196,\"caption\":\"KAP House - Tiny House - Tworzymy domki mobilne na ko\u0142ach\"},\"image\":{\"@id\":\"https:\\\/\\\/kaphouse.pl\\\/de\\\/#\\\/schema\\\/logo\\\/image\\\/\"}}]}<\/script>\n<!-- \/ Yoast SEO Premium plugin. -->","yoast_head_json":{"title":"Metallbau - KAP House","robots":{"index":"index","follow":"follow","max-snippet":"max-snippet:-1","max-image-preview":"max-image-preview:large","max-video-preview":"max-video-preview:-1"},"canonical":"https:\/\/kaphouse.pl\/de\/hausmodelle\/metal-construction\/","og_locale":"de_DE","og_type":"article","og_title":"Metallbau","og_url":"https:\/\/kaphouse.pl\/de\/hausmodelle\/metal-construction\/","og_site_name":"KAP House","article_modified_time":"2022-06-02T19:24:02+00:00","twitter_card":"summary_large_image","schema":{"@context":"https:\/\/schema.org","@graph":[{"@type":"WebPage","@id":"https:\/\/kaphouse.pl\/de\/hausmodelle\/metal-construction\/","url":"https:\/\/kaphouse.pl\/de\/hausmodelle\/metal-construction\/","name":"Metallbau - KAP House","isPartOf":{"@id":"https:\/\/kaphouse.pl\/de\/#website"},"datePublished":"2022-06-02T19:22:18+00:00","dateModified":"2022-06-02T19:24:02+00:00","breadcrumb":{"@id":"https:\/\/kaphouse.pl\/de\/hausmodelle\/metal-construction\/#breadcrumb"},"inLanguage":"de","potentialAction":[{"@type":"ReadAction","target":["https:\/\/kaphouse.pl\/de\/hausmodelle\/metal-construction\/"]}]},{"@type":"BreadcrumbList","@id":"https:\/\/kaphouse.pl\/de\/hausmodelle\/metal-construction\/#breadcrumb","itemListElement":[{"@type":"ListItem","position":1,"name":"Strona g\u0142\u00f3wna","item":"https:\/\/kaphouse.pl\/de\/"},{"@type":"ListItem","position":2,"name":"Hausmodelle","item":"https:\/\/kaphouse.pl\/de\/hausmodelle\/"},{"@type":"ListItem","position":3,"name":"Metallbau"}]},{"@type":"WebSite","@id":"https:\/\/kaphouse.pl\/de\/#website","url":"https:\/\/kaphouse.pl\/de\/","name":"KAP House - Tiny House - Domki mobilne na ko\u0142ach","description":"Twoja wizja jest dla nas inspiracj\u0105","publisher":{"@id":"https:\/\/kaphouse.pl\/de\/#organization"},"alternateName":"KAP House - Producent Domow mobilnych i modulowych na ko\u0142ach","potentialAction":[{"@type":"SearchAction","target":{"@type":"EntryPoint","urlTemplate":"https:\/\/kaphouse.pl\/de\/?s={search_term_string}"},"query-input":{"@type":"PropertyValueSpecification","valueRequired":true,"valueName":"search_term_string"}}],"inLanguage":"de"},{"@type":"Organization","@id":"https:\/\/kaphouse.pl\/de\/#organization","name":"KAP House - Tiny House - Tworzymy domki mobilne na ko\u0142ach","alternateName":"Tiny House","url":"https:\/\/kaphouse.pl\/de\/","logo":{"@type":"ImageObject","inLanguage":"de","@id":"https:\/\/kaphouse.pl\/de\/#\/schema\/logo\/image\/","url":"https:\/\/kaphouse.pl\/wp-content\/uploads\/2021\/09\/KAP-House-logo.png","contentUrl":"https:\/\/kaphouse.pl\/wp-content\/uploads\/2021\/09\/KAP-House-logo.png","width":400,"height":196,"caption":"KAP House - Tiny House - Tworzymy domki mobilne na ko\u0142ach"},"image":{"@id":"https:\/\/kaphouse.pl\/de\/#\/schema\/logo\/image\/"}}]}},"builder_content":"<h1>Metallbau<\/h1>\n<img src=\"https:\/\/kaphouse.pl\/wp-content\/uploads\/2022\/04\/20210330_120429-1024x576-1157x591.jpg\" width=\"1157\" height=\"591\" title=\"20210330_120429\" alt=\"20210330_120429\">\n<p>\u00a0<\/p> <h4>KAUFEN SIE EINE FERTIGE METALLKONSTRUKTION F\u00dcR EIN KLEINES HAUS<\/h4> <p>Wir verkaufen vorgefertigte Strukturen, auf denen Sie problemlos Tiny House H\u00e4user bauen k\u00f6nnen. Dies ist die Grundlage f\u00fcr ein solides und gut gelegenes Haus auf R\u00e4dern. Die Konstruktion, die auf dem Chassis mit Homologation und allen Genehmigungen platziert ist, erm\u00f6glicht es Ihnen, die Sicherheit beim Einbetten des Hauses in das Chassis und beim anschlie\u00dfenden Mischen des Hauses auf R\u00e4dern aufrechtzuerhalten.<\/p>\n<p>Dank der Verwendung der neuesten Computertechnologien und der hervorragenden Ausr\u00fcstung ist es m\u00f6glich, effizient und genau verzinkte Stahlkonstruktionen herzustellen, die in der K\u00e4lte gebogen sind. Die strategische Idee besteht darin, professionelle und praktische L\u00f6sungen zu verbreiten, die die Prozesse der Konstruktion, Herstellung und Montage von leichten Stahlkonstruktionen verbessern. Stahlleichtbau bietet viele einzigartige Vorteile f\u00fcr Investoren und Anwender:<\/p>\n<ol> <li>Geschwindigkeit der Konstruktion und Produktion,<\/li> <li>hohe Montagerate,<\/li> <li>Langlebigkeit und Pr\u00e4zision,<\/li> <li>Best\u00e4ndigkeit gegen Korrosion und biologische Arbeitsstoffe,<\/li> <li>nicht brennbar,<\/li> <li>kein Bedarf an qualifiziertem Personal und schwerem Ger\u00e4t,<\/li> <li>geringere Transport- und Lieferkosten<\/li> <\/ol>\n<img src=\"https:\/\/kaphouse.pl\/wp-content\/uploads\/2022\/04\/Tiny-House-1.jpg\" title=\"Tiny House (1)\" alt=\"Tiny House (1)\" srcset=\"https:\/\/kaphouse.pl\/wp-content\/uploads\/2022\/04\/Tiny-House-1.jpg 932w, https:\/\/kaphouse.pl\/wp-content\/uploads\/2022\/04\/Tiny-House-1-300x201.jpg 300w, https:\/\/kaphouse.pl\/wp-content\/uploads\/2022\/04\/Tiny-House-1-768x513.jpg 768w\" sizes=\"(max-width: 932px) 100vw, 932px\" \/>\n<p><b>\u00a0<\/b><\/p> <p><strong>Leichte Stahlkonstruktionen sind auch \u00e4u\u00dferst umweltfreundlich. Ihre Produktion ben\u00f6tigt weniger Energie und ist zu 100% recycelbar.<\/strong><\/p> <p><b>\u00a0<\/b><\/p>\n[gallery ids=\"3024,3030,3141,3144,3147,3150,3153,3159\"]","_links":{"self":[{"href":"https:\/\/kaphouse.pl\/de\/wp-json\/wp\/v2\/pages\/3307","targetHints":{"allow":["GET"]}}],"collection":[{"href":"https:\/\/kaphouse.pl\/de\/wp-json\/wp\/v2\/pages"}],"about":[{"href":"https:\/\/kaphouse.pl\/de\/wp-json\/wp\/v2\/types\/page"}],"author":[{"embeddable":true,"href":"https:\/\/kaphouse.pl\/de\/wp-json\/wp\/v2\/users\/3"}],"replies":[{"embeddable":true,"href":"https:\/\/kaphouse.pl\/de\/wp-json\/wp\/v2\/comments?post=3307"}],"version-history":[{"count":2,"href":"https:\/\/kaphouse.pl\/de\/wp-json\/wp\/v2\/pages\/3307\/revisions"}],"predecessor-version":[{"id":3309,"href":"https:\/\/kaphouse.pl\/de\/wp-json\/wp\/v2\/pages\/3307\/revisions\/3309"}],"up":[{"embeddable":true,"href":"https:\/\/kaphouse.pl\/de\/wp-json\/wp\/v2\/pages\/843"}],"wp:attachment":[{"href":"https:\/\/kaphouse.pl\/de\/wp-json\/wp\/v2\/media?parent=3307"}],"curies":[{"name":"wp","href":"https:\/\/api.w.org\/{rel}","templated":true}]}}