{"id":840,"date":"2021-09-27T20:09:55","date_gmt":"2021-09-27T20:09:55","guid":{"rendered":"https:\/\/kaphouse.pl\/kontakt-2\/"},"modified":"2023-01-31T09:31:36","modified_gmt":"2023-01-31T09:31:36","slug":"kontakt-2","status":"publish","type":"page","link":"https:\/\/kaphouse.pl\/de\/kontakt-2\/","title":{"rendered":"Kontakt"},"content":{"rendered":"<!--themify_builder_content-->\n<div id=\"themify_builder_content-840\" data-postid=\"840\" class=\"themify_builder_content themify_builder_content-840 themify_builder tf_clear\">\n                    <div  data-css_id=\"ucec957\" data-lazy=\"1\" class=\"module_row themify_builder_row fullwidth_row_container tb_ucec957 tb_first tf_w\">\n                        <div class=\"row_inner col_align_top tb_col_count_2 tf_box tf_rel\">\n                        <div  data-lazy=\"1\" class=\"module_column tb-column col4-2 tb_vyd4958 first\">\n                    <!-- module fancy heading -->\n<div  class=\"module module-fancy-heading tb_xj4l959 \" data-lazy=\"1\">\n        <h1 class=\"fancy-heading tf_textl\">\n    <span class=\"main-head tf_block\">\n                     Kontaktieren Sie uns            <\/span>\n\n    \n    <span class=\"sub-head tf_block tf_rel\">\n                                <\/span>\n    <\/h1>\n<\/div>\n<!-- \/module fancy heading -->\n        <div  data-lazy=\"1\" class=\"module_subrow themify_builder_sub_row tf_w col_align_top tb_col_count_2 tb_ujie960\">\n                <div  data-lazy=\"1\" class=\"module_column sub_column col2-1 tb_272d960 first\">\n                    <!-- module icon -->\n<div  class=\"module module-icon tb_wd01960  normal circle icon_horizontal tf_textr\" data-lazy=\"1\">\n\t\t\t<div class=\"module-icon-item\">\n\t\t\t\t\t\t\t\t\t\t\t\t\t\t\t\t<em class=\"tf_box\"\n\t\t\t\t\t\t\t\t\t\t\t\t\t\t\t\t\t><svg  class=\"tf_fa tf-ti-map-alt\" xmlns:xlink=\"http:\/\/www.w3.org\/1999\/xlink\" aria-hidden=\"true\"><use href=\"#tf-ti-map-alt\" xlink:href=\"#tf-ti-map-alt\"><\/use><\/svg><\/em>\n\t\t\t\t\t\t\t\t\t\t\t\t\t\t<\/div>\n\t<\/div>\n<!-- \/module icon -->\n        <\/div>\n                    <div  data-lazy=\"1\" class=\"module_column sub_column col2-1 tb_9q7j961 last\">\n                    <!-- module text -->\n<div  class=\"module module-text tb_n2hy961   \" data-lazy=\"1\">\n        <div  class=\"tb_text_wrap\">\n        <p><strong>KAP House<\/strong><\/p>\n<p class=\"x3AX1-LfntMc-header-title-title gm2-headline-5\">ul. S\u0142owackiego 84<\/p>\n<p>32-400 My\u015blenice<\/p>    <\/div>\n<\/div>\n<!-- \/module text -->        <\/div>\n                    <\/div>\n                <div  data-lazy=\"1\" class=\"module_subrow themify_builder_sub_row tf_w col_align_top tb_col_count_2 tb_t0cx961\">\n                <div  data-lazy=\"1\" class=\"module_column sub_column col2-1 tb_buyg961 first\">\n                    <!-- module icon -->\n<div  class=\"module module-icon tb_x2hy962  normal circle icon_horizontal tf_textr\" data-lazy=\"1\">\n\t\t\t<div class=\"module-icon-item\">\n\t\t\t\t\t\t\t\t\t\t\t\t\t\t\t\t<em class=\"tf_box\"\n\t\t\t\t\t\t\t\t\t\t\t\t\t\t\t\t\t><svg  class=\"tf_fa tf-ti-mobile\" xmlns:xlink=\"http:\/\/www.w3.org\/1999\/xlink\" aria-hidden=\"true\"><use href=\"#tf-ti-mobile\" xlink:href=\"#tf-ti-mobile\"><\/use><\/svg><\/em>\n\t\t\t\t\t\t\t\t\t\t\t\t\t\t<\/div>\n\t<\/div>\n<!-- \/module icon -->\n        <\/div>\n                    <div  data-lazy=\"1\" class=\"module_column sub_column col2-1 tb_25t1962 last\">\n                    <!-- module text -->\n<div  class=\"module module-text tb_qz95962   \" data-lazy=\"1\">\n        <div  class=\"tb_text_wrap\">\n        <p><strong>TELEFON<\/strong><\/p>\n<p><a href=\"tel:+48123127018\">+48123127018<\/a><\/p>\n<p><a href=\"tel:+48889783740\">+48889783740<\/a><\/p>    <\/div>\n<\/div>\n<!-- \/module text -->        <\/div>\n                    <\/div>\n                <div  data-lazy=\"1\" class=\"module_subrow themify_builder_sub_row tf_w col_align_top tb_col_count_2 tb_aaew962\">\n                <div  data-lazy=\"1\" class=\"module_column sub_column col2-1 tb_5h27962 first\">\n                    <!-- module icon -->\n<div  class=\"module module-icon tb_6fgd963  normal circle icon_horizontal tf_textr\" data-lazy=\"1\">\n\t\t\t<div class=\"module-icon-item\">\n\t\t\t\t\t\t\t\t\t\t\t\t\t\t\t\t<em class=\"tf_box\"\n\t\t\t\t\t\t\t\t\t\t\t\t\t\t\t\t\t><svg  class=\"tf_fa tf-ti-email\" xmlns:xlink=\"http:\/\/www.w3.org\/1999\/xlink\" aria-hidden=\"true\"><use href=\"#tf-ti-email\" xlink:href=\"#tf-ti-email\"><\/use><\/svg><\/em>\n\t\t\t\t\t\t\t\t\t\t\t\t\t\t<\/div>\n\t<\/div>\n<!-- \/module icon -->\n        <\/div>\n                    <div  data-lazy=\"1\" class=\"module_column sub_column col2-1 tb_941t963 last\">\n                    <!-- module text -->\n<div  class=\"module module-text tb_uxtw963   \" data-lazy=\"1\">\n        <div  class=\"tb_text_wrap\">\n        <p><strong>E-MAIL<\/strong><\/p>\n<p><a href=\"mailto:info@kaphouse.pl\">info@kaptinyhouse.<\/a>de<\/p>    <\/div>\n<\/div>\n<!-- \/module text -->        <\/div>\n                    <\/div>\n                <div  data-lazy=\"1\" class=\"module_subrow themify_builder_sub_row tf_w col_align_top tb_col_count_2 tb_6ojv963\">\n                <div  data-lazy=\"1\" class=\"module_column sub_column col2-1 tb_3it0963 first\">\n                    <!-- module icon -->\n<div  class=\"module module-icon tb_di5b963  normal circle icon_horizontal tf_textr\" data-lazy=\"1\">\n\t\t\t<div class=\"module-icon-item\">\n\t\t\t\t\t\t\t\t\t\t\t\t\t\t\t\t<em class=\"tf_box\"\n\t\t\t\t\t\t\t\t\t\t\t\t\t\t\t\t\t><svg  class=\"tf_fa tf-ti-alarm-clock\" xmlns:xlink=\"http:\/\/www.w3.org\/1999\/xlink\" aria-hidden=\"true\"><use href=\"#tf-ti-alarm-clock\" xlink:href=\"#tf-ti-alarm-clock\"><\/use><\/svg><\/em>\n\t\t\t\t\t\t\t\t\t\t\t\t\t\t<\/div>\n\t<\/div>\n<!-- \/module icon -->\n        <\/div>\n                    <div  data-lazy=\"1\" class=\"module_column sub_column col2-1 tb_72yx964 last\">\n                    <!-- module text -->\n<div  class=\"module module-text tb_n9dy964   \" data-lazy=\"1\">\n        <div  class=\"tb_text_wrap\">\n        <p><strong>\u00d6ffnungszeit<\/strong><\/p>\n<p>Mo &#8211; Fr: 08:00 &#8211; 16:00<\/p>    <\/div>\n<\/div>\n<!-- \/module text -->        <\/div>\n                    <\/div>\n                <\/div>\n                    <div  data-lazy=\"1\" class=\"module_column tb-column col4-2 tb_mwdb964 last\">\n                    <!-- module contact -->\n<div  id=\"tb_xjbj964\" class=\"module module-contact tb_xjbj964 contact-style1 \" data-lazy=\"1\">\n    \n\t<form class=\"builder-contact\"\n\t\tid=\"tb_xjbj964-form\"\n\t\tmethod=\"post\"\n\t\tdata-post-id=\"840\"\n\t\tdata-element-id=\"xjbj964\"\n\t\tdata-orig-id=\"840\"\n\t>\n    <div class=\"contact-message\"><\/div>\n\t<input type=\"hidden\" id=\"bc_nonce\" name=\"bc_nonce\" value=\"5357d2f74b\" \/><input type=\"hidden\" name=\"_wp_http_referer\" value=\"\/de\/wp-json\/wp\/v2\/pages\/840\" \/>\t<div class=\"builder-contact-fields tf_rel\">\n\t\t    \t\t    <div class=\"builder-contact-field builder-contact-field-name builder-contact-text-field\">\n\t\t\t    <label class=\"control-label\" for=\"tb_xjbj964-contact-name\">\n\t\t\t\t\t\t\t\t\t\t<span class=\"tb-label-span\">Vor- und Nachname <\/span><span class=\"required\">*<\/span>\t\t\t\t<\/label>\n\t\t\t    <div class=\"control-input tf_rel\">\n\t\t\t\t    \t\t\t\t\t    <input type=\"text\" name=\"contact-name\" placeholder=\"\" id=\"tb_xjbj964-contact-name\" value=\"\" class=\"form-control\" required>\n\t\t\t\t    \t\t\t\t    \t\t\t    <\/div>\n\t\t<\/div>\n\t    \n\t\t    \t\t    <div class=\"builder-contact-field builder-contact-field-email builder-contact-text-field\">\n\t\t\t    <label class=\"control-label\" for=\"tb_xjbj964-contact-email\">\n\t\t\t\t\t\t\t\t\t\t<span class=\"tb-label-span\">E-mail <\/span><span class=\"required\">*<\/span>\t\t\t\t<\/label>\n\t\t\t    <div class=\"control-input tf_rel\">\n\t\t\t\t    \t\t\t\t\t    <input type=\"email\" name=\"contact-email\" placeholder=\"\" id=\"tb_xjbj964-contact-email\" value=\"\" class=\"form-control\" required>\n\t\t\t\t    \t\t\t\t    \t\t\t    <\/div>\n\t\t<\/div>\n\t    \n\t\t    \t\t    <div class=\"builder-contact-field builder-contact-field-subject builder-contact-text-field\">\n\t\t\t    <label class=\"control-label\" for=\"tb_xjbj964-contact-subject\">\n\t\t\t\t\t\t\t\t\t\t<span class=\"tb-label-span\">Thema  <\/span><span class=\"required\">*<\/span>\t\t\t\t<\/label>\n\t\t\t    <div class=\"control-input tf_rel\">\n\t\t\t\t    \t\t\t\t\t    <input type=\"text\" name=\"contact-subject\" placeholder=\"\" id=\"tb_xjbj964-contact-subject\" value=\"\" class=\"form-control\" required>\n\t\t\t\t    \t\t\t\t    \t\t\t    <\/div>\n\t\t<\/div>\n\t    \n\t\t    \t\t    <div class=\"builder-contact-field builder-contact-field-message builder-contact-textarea-field\">\n\t\t\t    <label class=\"control-label\" for=\"tb_xjbj964-contact-message\">\n\t\t\t\t\t\t\t\t\t\t<span class=\"tb-label-span\">Nachricht  <\/span>\t\t\t\t<\/label>\n\t\t\t    <div class=\"control-input tf_rel\">\n\t\t\t\t    \t\t\t\t\t    <textarea name=\"contact-message\" placeholder=\"\" id=\"tb_xjbj964-contact-message\" class=\"form-control\"><\/textarea>\n\t\t\t\t    \t\t\t\t    \t\t\t    <\/div>\n\t\t<\/div>\n\t    \n\t\t    \t\t\n\t\t\n\t    \t\t\t<div class=\"builder-contact-field builder-contact-field-captcha\">\n\n\t\t\t\t\n\t\t\t\t<div class=\"control-input tf_rel\">\n                    <div class=\"themify_captcha_field \" data-sitekey=\"6Ldtq6YfAAAAAOrRTHLRbdDVoZnaV9wQYAUQmPYH\" data-ver=\"v3\"><\/div>\t\t\t\t<\/div>\n\n\t\t\t<\/div><!-- .builder-contact-field-captcha -->\n\t    \n\t    <div class=\"builder-contact-field builder-contact-field-send control-input tf_textl tf_clear tf_rel\">\n\t\t\t<button type=\"submit\" class=\"btn btn-primary\">\n\t\t\t\t<span class=\"tf_loader\"><\/span>\t\t\t\t<span class=\"tf_submit_icon\"><\/span> \n\t\t\t\tSENDEN\t\t\t<\/button>\n\t    <\/div>\n\t<\/div>\n    <\/form>\n    <\/div>\n<!-- \/module contact -->\n        <\/div>\n                        <\/div>\n        <\/div>\n                        <div  data-lazy=\"1\" class=\"module_row themify_builder_row tb_4rcv966 tf_w\">\n                        <div class=\"row_inner col_align_top tb_col_count_1 tf_box tf_rel\">\n                        <div  data-lazy=\"1\" class=\"module_column tb-column col-full tb_58k7967 first\">\n                    <!-- module map -->\n<div  class=\"module module-map tb_8o7r549 \">\n                                    <link rel=\"preconnect\" href=\"https:\/\/maps.googleapis.com\" crossorigin\/>\n                <div data-lazy=\"1\"             data-map-provider=\"google\"\n                            data-mapid=\"\"\n             \n            data-address=\"S\u0142owackiego 84, &lt;br \/&gt;32-400 My\u015blenice, &lt;br \/&gt;Poland\"\n            data-zoom=\"8\"\n            data-type=\"ROADMAP\"\n            data-scroll=\"\"\n            data-drag=\"1\"\n            data-mdrag=\"1\"\n            data-control=\"\"\n            class=\"tf_lazy themify_map\"\n            style=\"width:100%;height:300px;\"\n            data-info-window=\"&lt;b&gt;Address&lt;\/b&gt;&lt;br\/&gt;&lt;p&gt;S\u0142owackiego 84, &lt;br \/&gt;32-400 My\u015blenice, &lt;br \/&gt;Poland&lt;\/p&gt;\"\n            data-reverse-geocoding=\"\">\n        <\/div>\n    <\/div>\n<!-- \/module map -->\n        <\/div>\n                        <\/div>\n        <\/div>\n        <\/div>\n<!--\/themify_builder_content-->","protected":false},"excerpt":{"rendered":"<p>Kontaktieren Sie uns KAP House ul. S\u0142owackiego 84 32-400 My\u015blenice TELEFON +48123127018 +48889783740 E-MAIL info@kaptinyhouse.de \u00d6ffnungszeit Mo &#8211; Fr: 08:00 &#8211; 16:00 Vor- und Nachname * E-mail * Thema * Nachricht SENDEN<\/p>\n","protected":false},"author":3,"featured_media":0,"parent":0,"menu_order":0,"comment_status":"closed","ping_status":"closed","template":"","meta":{"nf_dc_page":"","footnotes":""},"class_list":["post-840","page","type-page","status-publish","hentry","has-post-title","has-post-date","has-post-category","has-post-tag","has-post-comment","has-post-author",""],"yoast_head":"<!-- This site is optimized with the Yoast SEO Premium plugin v21.3 (Yoast SEO v27.4) - https:\/\/yoast.com\/product\/yoast-seo-premium-wordpress\/ -->\n<title>Kontakt - KAP House<\/title>\n<meta name=\"robots\" content=\"index, follow, max-snippet:-1, max-image-preview:large, max-video-preview:-1\" \/>\n<link rel=\"canonical\" href=\"https:\/\/kaphouse.pl\/de\/kontakt-2\/\" \/>\n<meta property=\"og:locale\" content=\"de_DE\" \/>\n<meta property=\"og:type\" content=\"article\" \/>\n<meta property=\"og:title\" content=\"Kontakt\" \/>\n<meta property=\"og:description\" content=\"Kontaktieren Sie uns KAP House ul. S\u0142owackiego 84 32-400 My\u015blenice TELEFON +48123127018 +48889783740 E-MAIL info@kaptinyhouse.de \u00d6ffnungszeit Mo &#8211; Fr: 08:00 &#8211; 16:00 Vor- und Nachname * E-mail * Thema * Nachricht SENDEN\" \/>\n<meta property=\"og:url\" content=\"https:\/\/kaphouse.pl\/de\/kontakt-2\/\" \/>\n<meta property=\"og:site_name\" content=\"KAP House\" \/>\n<meta property=\"article:modified_time\" content=\"2023-01-31T09:31:36+00:00\" \/>\n<meta name=\"twitter:card\" content=\"summary_large_image\" \/>\n<script type=\"application\/ld+json\" class=\"yoast-schema-graph\">{\"@context\":\"https:\\\/\\\/schema.org\",\"@graph\":[{\"@type\":\"WebPage\",\"@id\":\"https:\\\/\\\/kaphouse.pl\\\/de\\\/kontakt-2\\\/\",\"url\":\"https:\\\/\\\/kaphouse.pl\\\/de\\\/kontakt-2\\\/\",\"name\":\"Kontakt - KAP House\",\"isPartOf\":{\"@id\":\"https:\\\/\\\/kaphouse.pl\\\/de\\\/#website\"},\"datePublished\":\"2021-09-27T20:09:55+00:00\",\"dateModified\":\"2023-01-31T09:31:36+00:00\",\"breadcrumb\":{\"@id\":\"https:\\\/\\\/kaphouse.pl\\\/de\\\/kontakt-2\\\/#breadcrumb\"},\"inLanguage\":\"de\",\"potentialAction\":[{\"@type\":\"ReadAction\",\"target\":[\"https:\\\/\\\/kaphouse.pl\\\/de\\\/kontakt-2\\\/\"]}]},{\"@type\":\"BreadcrumbList\",\"@id\":\"https:\\\/\\\/kaphouse.pl\\\/de\\\/kontakt-2\\\/#breadcrumb\",\"itemListElement\":[{\"@type\":\"ListItem\",\"position\":1,\"name\":\"Strona g\u0142\u00f3wna\",\"item\":\"https:\\\/\\\/kaphouse.pl\\\/de\\\/\"},{\"@type\":\"ListItem\",\"position\":2,\"name\":\"Kontakt\"}]},{\"@type\":\"WebSite\",\"@id\":\"https:\\\/\\\/kaphouse.pl\\\/de\\\/#website\",\"url\":\"https:\\\/\\\/kaphouse.pl\\\/de\\\/\",\"name\":\"KAP House - Tiny House - Domki mobilne na ko\u0142ach\",\"description\":\"Twoja wizja jest dla nas inspiracj\u0105\",\"publisher\":{\"@id\":\"https:\\\/\\\/kaphouse.pl\\\/de\\\/#organization\"},\"alternateName\":\"KAP House - Producent Domow mobilnych i modulowych na ko\u0142ach\",\"potentialAction\":[{\"@type\":\"SearchAction\",\"target\":{\"@type\":\"EntryPoint\",\"urlTemplate\":\"https:\\\/\\\/kaphouse.pl\\\/de\\\/?s={search_term_string}\"},\"query-input\":{\"@type\":\"PropertyValueSpecification\",\"valueRequired\":true,\"valueName\":\"search_term_string\"}}],\"inLanguage\":\"de\"},{\"@type\":\"Organization\",\"@id\":\"https:\\\/\\\/kaphouse.pl\\\/de\\\/#organization\",\"name\":\"KAP House - Tiny House - Tworzymy domki mobilne na ko\u0142ach\",\"alternateName\":\"Tiny House\",\"url\":\"https:\\\/\\\/kaphouse.pl\\\/de\\\/\",\"logo\":{\"@type\":\"ImageObject\",\"inLanguage\":\"de\",\"@id\":\"https:\\\/\\\/kaphouse.pl\\\/de\\\/#\\\/schema\\\/logo\\\/image\\\/\",\"url\":\"https:\\\/\\\/kaphouse.pl\\\/wp-content\\\/uploads\\\/2021\\\/09\\\/KAP-House-logo.png\",\"contentUrl\":\"https:\\\/\\\/kaphouse.pl\\\/wp-content\\\/uploads\\\/2021\\\/09\\\/KAP-House-logo.png\",\"width\":400,\"height\":196,\"caption\":\"KAP House - Tiny House - Tworzymy domki mobilne na ko\u0142ach\"},\"image\":{\"@id\":\"https:\\\/\\\/kaphouse.pl\\\/de\\\/#\\\/schema\\\/logo\\\/image\\\/\"}}]}<\/script>\n<!-- \/ Yoast SEO Premium plugin. -->","yoast_head_json":{"title":"Kontakt - KAP House","robots":{"index":"index","follow":"follow","max-snippet":"max-snippet:-1","max-image-preview":"max-image-preview:large","max-video-preview":"max-video-preview:-1"},"canonical":"https:\/\/kaphouse.pl\/de\/kontakt-2\/","og_locale":"de_DE","og_type":"article","og_title":"Kontakt","og_description":"Kontaktieren Sie uns KAP House ul. S\u0142owackiego 84 32-400 My\u015blenice TELEFON +48123127018 +48889783740 E-MAIL info@kaptinyhouse.de \u00d6ffnungszeit Mo &#8211; Fr: 08:00 &#8211; 16:00 Vor- und Nachname * E-mail * Thema * Nachricht SENDEN","og_url":"https:\/\/kaphouse.pl\/de\/kontakt-2\/","og_site_name":"KAP House","article_modified_time":"2023-01-31T09:31:36+00:00","twitter_card":"summary_large_image","schema":{"@context":"https:\/\/schema.org","@graph":[{"@type":"WebPage","@id":"https:\/\/kaphouse.pl\/de\/kontakt-2\/","url":"https:\/\/kaphouse.pl\/de\/kontakt-2\/","name":"Kontakt - KAP House","isPartOf":{"@id":"https:\/\/kaphouse.pl\/de\/#website"},"datePublished":"2021-09-27T20:09:55+00:00","dateModified":"2023-01-31T09:31:36+00:00","breadcrumb":{"@id":"https:\/\/kaphouse.pl\/de\/kontakt-2\/#breadcrumb"},"inLanguage":"de","potentialAction":[{"@type":"ReadAction","target":["https:\/\/kaphouse.pl\/de\/kontakt-2\/"]}]},{"@type":"BreadcrumbList","@id":"https:\/\/kaphouse.pl\/de\/kontakt-2\/#breadcrumb","itemListElement":[{"@type":"ListItem","position":1,"name":"Strona g\u0142\u00f3wna","item":"https:\/\/kaphouse.pl\/de\/"},{"@type":"ListItem","position":2,"name":"Kontakt"}]},{"@type":"WebSite","@id":"https:\/\/kaphouse.pl\/de\/#website","url":"https:\/\/kaphouse.pl\/de\/","name":"KAP House - Tiny House - Domki mobilne na ko\u0142ach","description":"Twoja wizja jest dla nas inspiracj\u0105","publisher":{"@id":"https:\/\/kaphouse.pl\/de\/#organization"},"alternateName":"KAP House - Producent Domow mobilnych i modulowych na ko\u0142ach","potentialAction":[{"@type":"SearchAction","target":{"@type":"EntryPoint","urlTemplate":"https:\/\/kaphouse.pl\/de\/?s={search_term_string}"},"query-input":{"@type":"PropertyValueSpecification","valueRequired":true,"valueName":"search_term_string"}}],"inLanguage":"de"},{"@type":"Organization","@id":"https:\/\/kaphouse.pl\/de\/#organization","name":"KAP House - Tiny House - Tworzymy domki mobilne na ko\u0142ach","alternateName":"Tiny House","url":"https:\/\/kaphouse.pl\/de\/","logo":{"@type":"ImageObject","inLanguage":"de","@id":"https:\/\/kaphouse.pl\/de\/#\/schema\/logo\/image\/","url":"https:\/\/kaphouse.pl\/wp-content\/uploads\/2021\/09\/KAP-House-logo.png","contentUrl":"https:\/\/kaphouse.pl\/wp-content\/uploads\/2021\/09\/KAP-House-logo.png","width":400,"height":196,"caption":"KAP House - Tiny House - Tworzymy domki mobilne na ko\u0142ach"},"image":{"@id":"https:\/\/kaphouse.pl\/de\/#\/schema\/logo\/image\/"}}]}},"builder_content":"<h1> Kontaktieren Sie uns<br\/><\/h1>\n<em ><svg xmlns:xlink=\"http:\/\/www.w3.org\/1999\/xlink\" aria-hidden=\"true\"><use href=\"#tf-ti-map-alt\" xlink:href=\"#tf-ti-map-alt\"><\/use><\/svg><\/em>\n<p><strong>KAP House<\/strong><\/p> <p>ul. S\u0142owackiego 84<\/p> <p>32-400 My\u015blenice<\/p>\n<em ><svg xmlns:xlink=\"http:\/\/www.w3.org\/1999\/xlink\" aria-hidden=\"true\"><use href=\"#tf-ti-mobile\" xlink:href=\"#tf-ti-mobile\"><\/use><\/svg><\/em>\n<p><strong>TELEFON<\/strong><\/p> <p><a href=\"tel:+48123127018\">+48123127018<\/a><\/p> <p><a href=\"tel:+48889783740\">+48889783740<\/a><\/p>\n<em ><svg xmlns:xlink=\"http:\/\/www.w3.org\/1999\/xlink\" aria-hidden=\"true\"><use href=\"#tf-ti-email\" xlink:href=\"#tf-ti-email\"><\/use><\/svg><\/em>\n<p><strong>E-MAIL<\/strong><\/p> <p><a href=\"mailto:info@kaphouse.pl\">info@kaptinyhouse.<\/a>de<\/p>\n<em ><svg xmlns:xlink=\"http:\/\/www.w3.org\/1999\/xlink\" aria-hidden=\"true\"><use href=\"#tf-ti-alarm-clock\" xlink:href=\"#tf-ti-alarm-clock\"><\/use><\/svg><\/em>\n<p><strong>\u00d6ffnungszeit<\/strong><\/p> <p>Mo - Fr: 08:00 - 16:00<\/p>\n<form id=\"tb_xjbj964-form\" method=\"post\" data-post-id=\"0\" data-element-id=\"xjbj964\" data-orig-id=\"840\" > <input type=\"hidden\" id=\"bc_nonce\" name=\"bc_nonce\" value=\"5357d2f74b\" \/><input type=\"hidden\" name=\"_wp_http_referer\" value=\"\/de\/wp-json\/wp\/v2\/pages\/840\" \/> <label for=\"tb_xjbj964-contact-name\"> Vor- und Nachname * <\/label> <input type=\"text\" name=\"contact-name\" placeholder=\"\" id=\"tb_xjbj964-contact-name\" value=\"\" required> <label for=\"tb_xjbj964-contact-email\"> E-mail * <\/label> <input type=\"email\" name=\"contact-email\" placeholder=\"\" id=\"tb_xjbj964-contact-email\" value=\"\" required> <label for=\"tb_xjbj964-contact-subject\"> Thema * <\/label> <input type=\"text\" name=\"contact-subject\" placeholder=\"\" id=\"tb_xjbj964-contact-subject\" value=\"\" required> <label for=\"tb_xjbj964-contact-message\"> Nachricht <\/label> <textarea name=\"contact-message\" placeholder=\"\" id=\"tb_xjbj964-contact-message\"><\/textarea> \n \n <button type=\"submit\"> SENDEN <\/button> <\/form>\n<h3><\/h3><iframe frameborder=\"0\" scrolling=\"no\" marginheight=\"0\" marginwidth=\"0\" src=\"https:\/\/maps.google.com\/maps?q=S%C5%82owackiego+84%2C+%3Cbr+%2F%3E32-400+My%C5%9Blenice%2C+%3Cbr+%2F%3EPoland&amp;t=m&amp;z=8&amp;output=embed&amp;iwloc=near\"><\/iframe>","_links":{"self":[{"href":"https:\/\/kaphouse.pl\/de\/wp-json\/wp\/v2\/pages\/840","targetHints":{"allow":["GET"]}}],"collection":[{"href":"https:\/\/kaphouse.pl\/de\/wp-json\/wp\/v2\/pages"}],"about":[{"href":"https:\/\/kaphouse.pl\/de\/wp-json\/wp\/v2\/types\/page"}],"author":[{"embeddable":true,"href":"https:\/\/kaphouse.pl\/de\/wp-json\/wp\/v2\/users\/3"}],"replies":[{"embeddable":true,"href":"https:\/\/kaphouse.pl\/de\/wp-json\/wp\/v2\/comments?post=840"}],"version-history":[{"count":13,"href":"https:\/\/kaphouse.pl\/de\/wp-json\/wp\/v2\/pages\/840\/revisions"}],"predecessor-version":[{"id":4891,"href":"https:\/\/kaphouse.pl\/de\/wp-json\/wp\/v2\/pages\/840\/revisions\/4891"}],"wp:attachment":[{"href":"https:\/\/kaphouse.pl\/de\/wp-json\/wp\/v2\/media?parent=840"}],"curies":[{"name":"wp","href":"https:\/\/api.w.org\/{rel}","templated":true}]}}