{"id":845,"date":"2021-09-21T12:20:06","date_gmt":"2021-09-21T12:20:06","guid":{"rendered":"https:\/\/kaphouse.pl\/wspolpraca-2\/"},"modified":"2023-05-04T14:56:57","modified_gmt":"2023-05-04T14:56:57","slug":"effizienzhaus","status":"publish","type":"page","link":"https:\/\/kaphouse.pl\/de\/effizienzhaus\/","title":{"rendered":"Effizienzhaus"},"content":{"rendered":"<!--themify_builder_content-->\n<div id=\"themify_builder_content-845\" data-postid=\"845\" class=\"themify_builder_content themify_builder_content-845 themify_builder tf_clear\">\n                    <div  data-css_id=\"50i7621\" data-lazy=\"1\" class=\"module_row themify_builder_row main-slider fullwidth tb_50i7621 tb_first tf_w\">\n                        <div class=\"row_inner col_align_top tb_col_count_1 tf_box tf_rel\">\n                        <div  data-lazy=\"1\" class=\"module_column tb-column col-full tb_bdg3621 first\">\n                    <!-- module fancy heading -->\n<div  class=\"module module-fancy-heading tb_4q7m334 \" data-lazy=\"1\">\n        <h1 class=\"fancy-heading tf_textc\">\n    <span class=\"main-head tf_block\">\n                    Effizienzhaus            <\/span>\n\n    \n    <span class=\"sub-head tf_block tf_rel\">\n                                <\/span>\n    <\/h1>\n<\/div>\n<!-- \/module fancy heading -->\n        <\/div>\n                        <\/div>\n        <\/div>\n                        <div  data-lazy=\"1\" class=\"module_row themify_builder_row tb_koa364 tf_w\">\n                        <div class=\"row_inner col_align_top tb_col_count_1 tf_box tf_rel\">\n                        <div  data-lazy=\"1\" class=\"module_column tb-column col-full tb_efum64 first\">\n                    <!-- module text -->\n<div  class=\"module module-text tb_k8u0626   \" data-lazy=\"1\">\n        <div  class=\"tb_text_wrap\">\n        <p>Das Tiny-House erfreut sich gro\u00dfer Beliebtheit als Wohnform der Zukunft, da es aufgrund seiner ressourcenschonenden Bauweise und der steigenden Bev\u00f6lkerungszahlen sehr gefragt ist. Die meisten Tiny-Houses haben eine Wohnfl\u00e4che von weniger als 30 Quadratmetern und sind oft ohne direkten Strom- und Wasseranschluss konzipiert. Dadurch wird der CO2-Aussto\u00df erheblich reduziert und es werden erneuerbare Energien wie Solarzellen und Kompost-Toiletten genutzt.<\/p>\n<p>Unser Effizienzhaus 55 ist ein Tiny House mit hervorragendem W\u00e4rmeschutz und energieeffizienten Technologien, die den Jahresprim\u00e4renergiebedarf. Bei der Planung ber\u00fccksichtigen wir Faktoren wie W\u00e4rmebr\u00fcckenoptimierung, perfekte W\u00e4rmed\u00e4mmung, Luft-Luft-W\u00e4rmepumpe, Bel\u00fcftungssystem mit W\u00e4rmer\u00fcckgewinnung, Dreifach verglaste Fenster mit warmer Kante, Eingangst\u00fcr mit Top W\u00e4rmeparameter und Photovoltaikanlage mit Speicher.<\/p>\n<p>Ein Effizienzhaus 55 hat auch den Vorteil, dass es eine richtige Luftfeuchtigkeit und ein angenehmes Raumklima aufrechterh\u00e4lt, Schadstoffe abf\u00fchrt und keine Notwendigkeit mehr f\u00fcr manuelles L\u00fcften besteht. Es ist auch m\u00f6glich, Unterst\u00fctzung von \u00f6ffentlichen Kassen in der Planungs- und Bauphase zu erhalten, um die Kosten weiter zu senken.<\/p>    <\/div>\n<\/div>\n<!-- \/module text -->        <\/div>\n                        <\/div>\n        <\/div>\n        <\/div>\n<!--\/themify_builder_content-->","protected":false},"excerpt":{"rendered":"<p>Wir bieten Ferienh\u00e4user an, die gemeinsam mit dem Kunden unter Ber\u00fccksichtigung seiner Vorlieben und Bed\u00fcrfnisse gestaltet werden. Sie k\u00f6nnen mit uns genau das Haus schaffen, von dem Sie tr\u00e4umen. Wir garantieren Ihnen, dass Sie sich in jedem unserer Tiny Houses wohlf\u00fchlen werden, denn wir haben sie mit ganzem Herzen gestaltet.<\/p>\n","protected":false},"author":3,"featured_media":0,"parent":0,"menu_order":0,"comment_status":"closed","ping_status":"closed","template":"","meta":{"nf_dc_page":"","footnotes":""},"class_list":["post-845","page","type-page","status-publish","hentry","has-post-title","has-post-date","has-post-category","has-post-tag","has-post-comment","has-post-author",""],"yoast_head":"<!-- This site is optimized with the Yoast SEO Premium plugin v21.3 (Yoast SEO v27.4) - https:\/\/yoast.com\/product\/yoast-seo-premium-wordpress\/ -->\n<title>Effizienzhaus - KAP House<\/title>\n<meta name=\"robots\" content=\"index, follow, max-snippet:-1, max-image-preview:large, max-video-preview:-1\" \/>\n<link rel=\"canonical\" href=\"https:\/\/kaphouse.pl\/de\/effizienzhaus\/\" \/>\n<meta property=\"og:locale\" content=\"de_DE\" \/>\n<meta property=\"og:type\" content=\"article\" \/>\n<meta property=\"og:title\" content=\"Effizienzhaus\" \/>\n<meta property=\"og:description\" content=\"Wir bieten Ferienh\u00e4user an, die gemeinsam mit dem Kunden unter Ber\u00fccksichtigung seiner Vorlieben und Bed\u00fcrfnisse gestaltet werden. Sie k\u00f6nnen mit uns genau das Haus schaffen, von dem Sie tr\u00e4umen. Wir garantieren Ihnen, dass Sie sich in jedem unserer Tiny Houses wohlf\u00fchlen werden, denn wir haben sie mit ganzem Herzen gestaltet.\" \/>\n<meta property=\"og:url\" content=\"https:\/\/kaphouse.pl\/de\/effizienzhaus\/\" \/>\n<meta property=\"og:site_name\" content=\"KAP House\" \/>\n<meta property=\"article:modified_time\" content=\"2023-05-04T14:56:57+00:00\" \/>\n<meta name=\"twitter:card\" content=\"summary_large_image\" \/>\n<script type=\"application\/ld+json\" class=\"yoast-schema-graph\">{\"@context\":\"https:\\\/\\\/schema.org\",\"@graph\":[{\"@type\":\"WebPage\",\"@id\":\"https:\\\/\\\/kaphouse.pl\\\/de\\\/effizienzhaus\\\/\",\"url\":\"https:\\\/\\\/kaphouse.pl\\\/de\\\/effizienzhaus\\\/\",\"name\":\"Effizienzhaus - KAP House\",\"isPartOf\":{\"@id\":\"https:\\\/\\\/kaphouse.pl\\\/de\\\/#website\"},\"datePublished\":\"2021-09-21T12:20:06+00:00\",\"dateModified\":\"2023-05-04T14:56:57+00:00\",\"breadcrumb\":{\"@id\":\"https:\\\/\\\/kaphouse.pl\\\/de\\\/effizienzhaus\\\/#breadcrumb\"},\"inLanguage\":\"de\",\"potentialAction\":[{\"@type\":\"ReadAction\",\"target\":[\"https:\\\/\\\/kaphouse.pl\\\/de\\\/effizienzhaus\\\/\"]}]},{\"@type\":\"BreadcrumbList\",\"@id\":\"https:\\\/\\\/kaphouse.pl\\\/de\\\/effizienzhaus\\\/#breadcrumb\",\"itemListElement\":[{\"@type\":\"ListItem\",\"position\":1,\"name\":\"Strona g\u0142\u00f3wna\",\"item\":\"https:\\\/\\\/kaphouse.pl\\\/de\\\/\"},{\"@type\":\"ListItem\",\"position\":2,\"name\":\"Effizienzhaus\"}]},{\"@type\":\"WebSite\",\"@id\":\"https:\\\/\\\/kaphouse.pl\\\/de\\\/#website\",\"url\":\"https:\\\/\\\/kaphouse.pl\\\/de\\\/\",\"name\":\"KAP House - Tiny House - Domki mobilne na ko\u0142ach\",\"description\":\"Twoja wizja jest dla nas inspiracj\u0105\",\"publisher\":{\"@id\":\"https:\\\/\\\/kaphouse.pl\\\/de\\\/#organization\"},\"alternateName\":\"KAP House - Producent Domow mobilnych i modulowych na ko\u0142ach\",\"potentialAction\":[{\"@type\":\"SearchAction\",\"target\":{\"@type\":\"EntryPoint\",\"urlTemplate\":\"https:\\\/\\\/kaphouse.pl\\\/de\\\/?s={search_term_string}\"},\"query-input\":{\"@type\":\"PropertyValueSpecification\",\"valueRequired\":true,\"valueName\":\"search_term_string\"}}],\"inLanguage\":\"de\"},{\"@type\":\"Organization\",\"@id\":\"https:\\\/\\\/kaphouse.pl\\\/de\\\/#organization\",\"name\":\"KAP House - Tiny House - Tworzymy domki mobilne na ko\u0142ach\",\"alternateName\":\"Tiny House\",\"url\":\"https:\\\/\\\/kaphouse.pl\\\/de\\\/\",\"logo\":{\"@type\":\"ImageObject\",\"inLanguage\":\"de\",\"@id\":\"https:\\\/\\\/kaphouse.pl\\\/de\\\/#\\\/schema\\\/logo\\\/image\\\/\",\"url\":\"https:\\\/\\\/kaphouse.pl\\\/wp-content\\\/uploads\\\/2021\\\/09\\\/KAP-House-logo.png\",\"contentUrl\":\"https:\\\/\\\/kaphouse.pl\\\/wp-content\\\/uploads\\\/2021\\\/09\\\/KAP-House-logo.png\",\"width\":400,\"height\":196,\"caption\":\"KAP House - Tiny House - Tworzymy domki mobilne na ko\u0142ach\"},\"image\":{\"@id\":\"https:\\\/\\\/kaphouse.pl\\\/de\\\/#\\\/schema\\\/logo\\\/image\\\/\"}}]}<\/script>\n<!-- \/ Yoast SEO Premium plugin. -->","yoast_head_json":{"title":"Effizienzhaus - KAP House","robots":{"index":"index","follow":"follow","max-snippet":"max-snippet:-1","max-image-preview":"max-image-preview:large","max-video-preview":"max-video-preview:-1"},"canonical":"https:\/\/kaphouse.pl\/de\/effizienzhaus\/","og_locale":"de_DE","og_type":"article","og_title":"Effizienzhaus","og_description":"Wir bieten Ferienh\u00e4user an, die gemeinsam mit dem Kunden unter Ber\u00fccksichtigung seiner Vorlieben und Bed\u00fcrfnisse gestaltet werden. Sie k\u00f6nnen mit uns genau das Haus schaffen, von dem Sie tr\u00e4umen. Wir garantieren Ihnen, dass Sie sich in jedem unserer Tiny Houses wohlf\u00fchlen werden, denn wir haben sie mit ganzem Herzen gestaltet.","og_url":"https:\/\/kaphouse.pl\/de\/effizienzhaus\/","og_site_name":"KAP House","article_modified_time":"2023-05-04T14:56:57+00:00","twitter_card":"summary_large_image","schema":{"@context":"https:\/\/schema.org","@graph":[{"@type":"WebPage","@id":"https:\/\/kaphouse.pl\/de\/effizienzhaus\/","url":"https:\/\/kaphouse.pl\/de\/effizienzhaus\/","name":"Effizienzhaus - KAP House","isPartOf":{"@id":"https:\/\/kaphouse.pl\/de\/#website"},"datePublished":"2021-09-21T12:20:06+00:00","dateModified":"2023-05-04T14:56:57+00:00","breadcrumb":{"@id":"https:\/\/kaphouse.pl\/de\/effizienzhaus\/#breadcrumb"},"inLanguage":"de","potentialAction":[{"@type":"ReadAction","target":["https:\/\/kaphouse.pl\/de\/effizienzhaus\/"]}]},{"@type":"BreadcrumbList","@id":"https:\/\/kaphouse.pl\/de\/effizienzhaus\/#breadcrumb","itemListElement":[{"@type":"ListItem","position":1,"name":"Strona g\u0142\u00f3wna","item":"https:\/\/kaphouse.pl\/de\/"},{"@type":"ListItem","position":2,"name":"Effizienzhaus"}]},{"@type":"WebSite","@id":"https:\/\/kaphouse.pl\/de\/#website","url":"https:\/\/kaphouse.pl\/de\/","name":"KAP House - Tiny House - Domki mobilne na ko\u0142ach","description":"Twoja wizja jest dla nas inspiracj\u0105","publisher":{"@id":"https:\/\/kaphouse.pl\/de\/#organization"},"alternateName":"KAP House - Producent Domow mobilnych i modulowych na ko\u0142ach","potentialAction":[{"@type":"SearchAction","target":{"@type":"EntryPoint","urlTemplate":"https:\/\/kaphouse.pl\/de\/?s={search_term_string}"},"query-input":{"@type":"PropertyValueSpecification","valueRequired":true,"valueName":"search_term_string"}}],"inLanguage":"de"},{"@type":"Organization","@id":"https:\/\/kaphouse.pl\/de\/#organization","name":"KAP House - Tiny House - Tworzymy domki mobilne na ko\u0142ach","alternateName":"Tiny House","url":"https:\/\/kaphouse.pl\/de\/","logo":{"@type":"ImageObject","inLanguage":"de","@id":"https:\/\/kaphouse.pl\/de\/#\/schema\/logo\/image\/","url":"https:\/\/kaphouse.pl\/wp-content\/uploads\/2021\/09\/KAP-House-logo.png","contentUrl":"https:\/\/kaphouse.pl\/wp-content\/uploads\/2021\/09\/KAP-House-logo.png","width":400,"height":196,"caption":"KAP House - Tiny House - Tworzymy domki mobilne na ko\u0142ach"},"image":{"@id":"https:\/\/kaphouse.pl\/de\/#\/schema\/logo\/image\/"}}]}},"builder_content":"<h1>Effizienzhaus<br\/><\/h1>\n<h2>Individueller Kunde<br\/><\/h2>\n<ul><li><h4><img src=\"https:\/\/kaphouse.pl\/wp-content\/uploads\/2021\/10\/klient-2.png\"><br\/>Kennenlernen des Kunden und seiner Erwartungen<\/h4><p style=\"text-align: center;\">Das Gespr\u00e4ch \u00fcber die Bed\u00fcrfnisse des Kunden hat f\u00fcr uns Priorit\u00e4t. Ein Treffen, eine lebhafte Diskussion und eine genaue Abstimmung der Erwartungen des Kunden mit unseren M\u00f6glichkeiten ist die Grundlage f\u00fcr eine reibungslose und konfliktfreie Zusammenarbeit in den weiteren Phasen.<\/p><\/li><\/ul>\n<em ><svg xmlns:xlink=\"http:\/\/www.w3.org\/1999\/xlink\" aria-hidden=\"true\"><use href=\"#tf-ti-arrow-circle-down\" xlink:href=\"#tf-ti-arrow-circle-down\"><\/use><\/svg><\/em>\n<ul><li><h4><img src=\"https:\/\/kaphouse.pl\/wp-content\/uploads\/2021\/10\/planowanie-2.png\" ><br \/>Auswahl des Basismodells und Festlegung der Projektdetails<\/h4><p style=\"text-align: center;\">Nachdem wir Ihre Bed\u00fcrfnisse kennengelernt haben, w\u00e4hlen wir eines unserer Basismodelle aus und richten es nach Ihren Vorgaben ein oder entscheiden uns f\u00fcr eine individuelle Gestaltung des kleinen Hauses.<\/p><\/li><\/ul>\n<em ><svg xmlns:xlink=\"http:\/\/www.w3.org\/1999\/xlink\" aria-hidden=\"true\"><use href=\"#tf-ti-arrow-circle-down\" xlink:href=\"#tf-ti-arrow-circle-down\"><\/use><\/svg><\/em>\n<ul><li><h4><img src=\"https:\/\/kaphouse.pl\/wp-content\/uploads\/2021\/10\/wycena-1.png\" ><br \/>Erstellung eines Preisangebots<\/h4><p style=\"text-align: center;\">Wir versuchen, den Preis an das Budget des Kunden anzupassen und gleichzeitig einen hohen Standard der Materialien und der Verarbeitung zu gew\u00e4hrleisten. Wir respektieren unsere Zeit und die unserer Kunden, deshalb erleichtert die Festlegung eines Budgets und eines bevorzugten Standards f\u00fcr ein kleines Haus unsere Vorbereitungen f\u00fcr den Bau und verk\u00fcrzt die Zeit seiner Fertigstellung.<\/p><\/li><\/ul>\n<em ><svg xmlns:xlink=\"http:\/\/www.w3.org\/1999\/xlink\" aria-hidden=\"true\"><use href=\"#tf-ti-arrow-circle-down\" xlink:href=\"#tf-ti-arrow-circle-down\"><\/use><\/svg><\/em>\n<ul><li><h4><img src=\"https:\/\/kaphouse.pl\/wp-content\/uploads\/2021\/10\/agreement-1.png\"><br \/>Vertragsabschluss mit Vorauszahlung<\/h4><p style=\"text-align: center;\">Der von uns unterzeichnete Vertrag ist transparent und gibt dem Kunden und uns die Gewissheit, dass die Investition vollkommen sicher und rechtlich gesch\u00fctzt ist.<\/p><\/li><\/ul>\n<em ><svg xmlns:xlink=\"http:\/\/www.w3.org\/1999\/xlink\" aria-hidden=\"true\"><use href=\"#tf-ti-arrow-circle-down\" xlink:href=\"#tf-ti-arrow-circle-down\"><\/use><\/svg><\/em>\n<ul><li><h4><img src=\"https:\/\/kaphouse.pl\/wp-content\/uploads\/2021\/10\/realizacja-1.png\" ><br \/>Effiziente Projektdurchf\u00fchrung<\/h4><p style=\"text-align: center;\">Der anf\u00e4ngliche Prozess des Hausbaus in unserem Unternehmen basiert auf der Auswahl der hochwertigsten Produkte, die wir f\u00fcr den Bau des Hauses verwenden. Massives Bauholz, langlebige und schadensresistente Dachbahnen, ein zertifizierter, versicherter und vollst\u00e4ndig zugelassener Bauwagen und eine professionelle Fenstertischlerei sind etwas, dem wir besondere Aufmerksamkeit schenken.<\/p> <p style=\"text-align: center;\">Den Rest des Projekts vertrauen wir unseren Fachleuten an, zu denen ein Ingenieur\/Konstrukteur, ein Elektriker, ein Klempner, Schreiner und erfahrene Tischler geh\u00f6ren.<\/p> <p style=\"text-align: center;\">Sie sind f\u00fcr die perfekte Ausf\u00fchrung des Wohnmobils von Grund auf bis zur schl\u00fcsselfertigen \u00dcbergabe verantwortlich. Wir \u00fcberwachen den Fortschritt der Arbeiten in jeder Phase und sorgen daf\u00fcr, dass das Mobilheim durch seine Qualit\u00e4t besticht und viele Jahre lang h\u00e4lt.<\/p><\/li><\/ul>\n<h2>Gesch\u00e4ftskunde<br\/><\/h2>\n<ul><li><h4><img src=https:\/\/kaphouse.pl\/wp-content\/uploads\/2021\/12\/business.png\" ><br \/>Unsere Gesch\u00e4ftskunden wissen vielleicht nicht, welche Vorteile ein kleines Haus auf R\u00e4dern bieten kann. Es gibt wirklich viele L\u00f6sungen.<\/h4><p style=\"text-align: center;\">Die einfachste, aber sehr coole Idee ist, ein Haus in einer attraktiven Gegend zur Vermietung aufzustellen. Die H\u00e4user selbst sind eine Attraktion, da sie ein ungew\u00f6hnliches und interessantes Design haben. Das Mietangebot kann auch auf die Vermietung an Studenten in gr\u00f6\u00dferen St\u00e4dten ausgeweitet werden.<\/p> <p style=\"text-align: center;\">Ein Wohnmobil auf R\u00e4dern ist so vielseitig, dass es auch als Laden, mobiles B\u00fcro, Showroom oder Bar genutzt werden kann - die M\u00f6glichkeiten sind vielf\u00e4ltig.<\/p><\/li><\/ul>\n<p style=\"text-align: center;\"><strong>Wir bieten Ferienh\u00e4user an, die gemeinsam mit dem Kunden unter Ber\u00fccksichtigung seiner Vorlieben und Bed\u00fcrfnisse gestaltet werden. Sie k\u00f6nnen mit uns genau das Haus schaffen, von dem Sie tr\u00e4umen. Wir garantieren Ihnen, dass Sie sich in jedem unserer Tiny Houses wohlf\u00fchlen werden, denn wir haben sie mit ganzem Herzen gestaltet.<\/strong><\/p>\n<p>Das Tiny-House erfreut sich gro\u00dfer Beliebtheit als Wohnform der Zukunft, da es aufgrund seiner ressourcenschonenden Bauweise und der steigenden Bev\u00f6lkerungszahlen sehr gefragt ist. Die meisten Tiny-Houses haben eine Wohnfl\u00e4che von weniger als 30 Quadratmetern und sind oft ohne direkten Strom- und Wasseranschluss konzipiert. Dadurch wird der CO2-Aussto\u00df erheblich reduziert und es werden erneuerbare Energien wie Solarzellen und Kompost-Toiletten genutzt.<\/p> <p>Unser Effizienzhaus 55 ist ein Tiny House mit hervorragendem W\u00e4rmeschutz und energieeffizienten Technologien, die den Jahresprim\u00e4renergiebedarf. Bei der Planung ber\u00fccksichtigen wir Faktoren wie W\u00e4rmebr\u00fcckenoptimierung, perfekte W\u00e4rmed\u00e4mmung, Luft-Luft-W\u00e4rmepumpe, Bel\u00fcftungssystem mit W\u00e4rmer\u00fcckgewinnung, Dreifach verglaste Fenster mit warmer Kante, Eingangst\u00fcr mit Top W\u00e4rmeparameter und Photovoltaikanlage mit Speicher.<\/p> <p>Ein Effizienzhaus 55 hat auch den Vorteil, dass es eine richtige Luftfeuchtigkeit und ein angenehmes Raumklima aufrechterh\u00e4lt, Schadstoffe abf\u00fchrt und keine Notwendigkeit mehr f\u00fcr manuelles L\u00fcften besteht. Es ist auch m\u00f6glich, Unterst\u00fctzung von \u00f6ffentlichen Kassen in der Planungs- und Bauphase zu erhalten, um die Kosten weiter zu senken.<\/p>","_links":{"self":[{"href":"https:\/\/kaphouse.pl\/de\/wp-json\/wp\/v2\/pages\/845","targetHints":{"allow":["GET"]}}],"collection":[{"href":"https:\/\/kaphouse.pl\/de\/wp-json\/wp\/v2\/pages"}],"about":[{"href":"https:\/\/kaphouse.pl\/de\/wp-json\/wp\/v2\/types\/page"}],"author":[{"embeddable":true,"href":"https:\/\/kaphouse.pl\/de\/wp-json\/wp\/v2\/users\/3"}],"replies":[{"embeddable":true,"href":"https:\/\/kaphouse.pl\/de\/wp-json\/wp\/v2\/comments?post=845"}],"version-history":[{"count":9,"href":"https:\/\/kaphouse.pl\/de\/wp-json\/wp\/v2\/pages\/845\/revisions"}],"predecessor-version":[{"id":5566,"href":"https:\/\/kaphouse.pl\/de\/wp-json\/wp\/v2\/pages\/845\/revisions\/5566"}],"wp:attachment":[{"href":"https:\/\/kaphouse.pl\/de\/wp-json\/wp\/v2\/media?parent=845"}],"curies":[{"name":"wp","href":"https:\/\/api.w.org\/{rel}","templated":true}]}}