{"id":850,"date":"2021-09-21T10:54:32","date_gmt":"2021-09-21T10:54:32","guid":{"rendered":"https:\/\/kaphouse.pl\/o-nas-2\/"},"modified":"2021-12-15T12:37:55","modified_gmt":"2021-12-15T12:37:55","slug":"o-nas","status":"publish","type":"page","link":"https:\/\/kaphouse.pl\/de\/o-nas\/","title":{"rendered":"\u00dcber uns"},"content":{"rendered":"<!--themify_builder_content-->\n<div id=\"themify_builder_content-850\" data-postid=\"850\" class=\"themify_builder_content themify_builder_content-850 themify_builder tf_clear\">\n                    <div  data-css_id=\"iitc269\" data-lazy=\"1\" class=\"module_row themify_builder_row main-slider fullwidth tb_iitc269 tb_first tf_w\">\n                        <div class=\"row_inner col_align_top tb_col_count_1 tf_box tf_rel\">\n                        <div  data-lazy=\"1\" class=\"module_column tb-column col-full tb_lqhc270 first\">\n                    <!-- module fancy heading -->\n<div  class=\"module module-fancy-heading tb_e9td270 \" data-lazy=\"1\">\n        <h1 class=\"fancy-heading tf_textc\">\n    <span class=\"main-head tf_block\">\n                    \u00dcber uns            <\/span>\n\n    \n    <span class=\"sub-head tf_block tf_rel\">\n                    &nbsp;            <\/span>\n    <\/h1>\n<\/div>\n<!-- \/module fancy heading -->\n        <\/div>\n                        <\/div>\n        <\/div>\n                        <div  data-lazy=\"1\" class=\"module_row themify_builder_row tb_vsho822 tf_w\">\n                        <div class=\"row_inner col_align_top tb_col_count_1 tf_box tf_rel\">\n                        <div  data-lazy=\"1\" class=\"module_column tb-column col-full tb_go7d823 first\">\n                            <div  data-lazy=\"1\" class=\"module_subrow themify_builder_sub_row tf_w col_align_middle tb_col_count_1 tb_5h5d657\">\n                <div  data-lazy=\"1\" class=\"module_column sub_column col-full tb_bysq658 first\">\n                    <!-- module text -->\n<div  class=\"module module-text tb_p4g5287   \" data-lazy=\"1\">\n        <div  class=\"tb_text_wrap\">\n        <p><strong>Wir sind ein Familienunternehmen.<\/strong> Wir bauen seit vielen Jahren erfolgreich moderne und langlebige Geb\u00e4ude auf Basis innovativer Technologien. Einen gro\u00dfen Teil unseres Erfolgs verdanken wir unseren Kunden, denn ohne sie und ihre Empfehlungen g\u00e4be es uns nicht<\/p>\n<p><span style=\"background-color: initial; font-size: 1em;\">Aufgrund unserer langj\u00e4hrigen Erfahrung in der Branche haben wir uns entschlossen, unseren Kunden eine revolution\u00e4re L\u00f6sung anzubieten &#8211; <strong>Wohnmobile auf R\u00e4dern<\/strong>. Unser Ziel ist die 100%-ige Zufriedenheit unserer Kunden, weshalb wir das Design des Minihauses sorgf\u00e4ltig und \u00fcber einen langen Zeitraum vorbereitet haben. <\/span><\/p>\n<p>Die Anh\u00e4nger, die wir bauen, haben eine kleine Grundfl\u00e4che, aber ein gro\u00dfes Potenzial und ein tolles Aussehen. Jedes Haus hat alles, was Sie f\u00fcr ein komfortables t\u00e4gliches Leben brauchen, \u00fcberall auf der Welt. Wir f\u00fchren sowohl vorgefertigte als auch individuell f\u00fcr den Kunden erstellte Projekte durch.<\/p>    <\/div>\n<\/div>\n<!-- \/module text -->        <\/div>\n                    <\/div>\n                <\/div>\n                        <\/div>\n        <\/div>\n                        <div  data-lazy=\"1\" class=\"module_row themify_builder_row tb_eo92897 tf_w\">\n                        <div class=\"row_inner col_align_top tb_col_count_1 tf_box tf_rel\">\n                        <div  data-lazy=\"1\" class=\"module_column tb-column col-full tb_0lp3898 first\">\n                    <!-- module text -->\n<div  class=\"module module-text tb_5r2i795   \" data-lazy=\"1\">\n        <div  class=\"tb_text_wrap\">\n        <p>Wir arbeiten an Wohnmobilen von <strong>A bis Z<\/strong>, so dass wir sicher sein k\u00f6nnen, dass das an den Kunden gelieferte Produkt unter unserer vollen Kontrolle steht. Wir w\u00e4hlen die hochwertigsten Materialien aus, damit die Objekte viele Jahre lang ihren Dienst tun, und wir bem\u00fchen uns, dassihr <strong>Preis der Qualit\u00e4t und der Zufriedenheit der Benutzer angemessen ist.<\/strong><\/p>    <\/div>\n<\/div>\n<!-- \/module text -->        <\/div>\n                        <\/div>\n        <\/div>\n                        <div  data-lazy=\"1\" class=\"module_row themify_builder_row tb_0vel742 tf_w\">\n                        <div class=\"row_inner col_align_top tb_col_count_1 tf_box tf_rel\">\n                        <div  data-lazy=\"1\" class=\"module_column tb-column col-full tb_hf6h743 first\">\n                    <!-- module fancy heading -->\n<div  class=\"module module-fancy-heading tb_eagn77 \" data-lazy=\"1\">\n        <h1 class=\"fancy-heading tf_textc\">\n    <span class=\"main-head tf_block\">\n                    Warum ist es das wert?            <\/span>\n\n    \n    <span class=\"sub-head tf_block tf_rel\">\n                                <\/span>\n    <\/h1>\n<\/div>\n<!-- \/module fancy heading -->\n        <div  data-lazy=\"1\" class=\"module_subrow themify_builder_sub_row tf_w col_align_top tb_col_count_2 tb_nb18891\">\n                <div  data-lazy=\"1\" class=\"module_column sub_column col2-1 tb_g0c7892 first\">\n                    <!-- module image -->\n<div  class=\"module module-image tb_u5vq23 image-top bordered  tf_mw wow\" data-tf-animation=\"bounce\" data-lazy=\"1\" data-lax-translate-y=\"(vh*1) 0,(vh*0) 70\" data-lax=\"true\">\n        <div class=\"image-wrap tf_rel tf_mw\">\n            <img loading=\"lazy\" decoding=\"async\" width=\"2560\" height=\"1707\" src=\"https:\/\/kaphouse.pl\/wp-content\/uploads\/2021\/10\/Foto_028-scaled.jpg\" class=\"wp-post-image wp-image-733\" title=\"Foto_028\" alt=\"Foto_028\" srcset=\"https:\/\/kaphouse.pl\/wp-content\/uploads\/2021\/10\/Foto_028-scaled.jpg 2560w, https:\/\/kaphouse.pl\/wp-content\/uploads\/2021\/10\/Foto_028-300x200.jpg 300w, https:\/\/kaphouse.pl\/wp-content\/uploads\/2021\/10\/Foto_028-1024x683.jpg 1024w, https:\/\/kaphouse.pl\/wp-content\/uploads\/2021\/10\/Foto_028-768x512.jpg 768w, https:\/\/kaphouse.pl\/wp-content\/uploads\/2021\/10\/Foto_028-1536x1024.jpg 1536w, https:\/\/kaphouse.pl\/wp-content\/uploads\/2021\/10\/Foto_028-2048x1365.jpg 2048w\" sizes=\"auto, (max-width: 2560px) 100vw, 2560px\" \/>    \n        <\/div>\n    <!-- \/image-wrap -->\n    \n        <\/div>\n<!-- \/module image -->        <\/div>\n                    <div  data-lazy=\"1\" class=\"module_column sub_column col2-1 tb_98go892 last\">\n                    <!-- module text -->\n<div  class=\"module module-text tb_qezr824   \" data-lazy=\"1\">\n        <div  class=\"tb_text_wrap\">\n        <p style=\"font-weight: 400;\">Wir fragen uns oft, ob wir wirklich unser ganzes Leben an ein und denselben Ort gebunden sein wollen. Wir suchen nach Inspiration, interessanten L\u00f6sungen und neuen M\u00f6glichkeiten. Wir sind uns jedoch dar\u00fcber im Klaren, dass etwas, in das wir investieren, Komfort und Bequemlichkeit bieten und dar\u00fcber hinaus \u00fcber Jahre hinweg, unabh\u00e4ngig von der Jahreszeit, funktionieren muss.<\/p>\n<p style=\"font-weight: 400;\">Dank zukunftsorientierter Unternehmen wie dem unseren werden Wohnmobile entwickelt, die nicht an ein bestimmtes Gebiet gebunden sind und Ihnen die Freiheit geben, ihren Standort zu wechseln. Ein gro\u00dfer Vorteil dieser Art von Projekten ist die Tatsache, dass<strong> man nicht der Eigent\u00fcmer des Grundst\u00fccks sein muss<\/strong>, auf dem man sein Traumhaus baut. Das Land kann nur gepachtet werden. Die H\u00fctten stehen auf R\u00e4dern, was es noch einfacher macht, <strong>sie schnell und problemlos<\/strong> an ihren Bestimmungsort zu transportieren.<\/p>\n<p style=\"font-weight: 400;\">Diese Art von Haus hat eine kleinere Grundfl\u00e4che, die Sie dazu zwingt, Ihren Raum entsprechend zu entwickeln. <strong>Dies f\u00f6rdert die \u00d6kologie und reduziert das Konsumverhalten.<\/strong> Die Bewohner des Wohnmobils k\u00f6nnen ihren Raum aufr\u00e4umen und sich so nach dem Prinzip &#8220;less is more&#8221; wohler f\u00fchlen.<\/p>    <\/div>\n<\/div>\n<!-- \/module text -->        <\/div>\n                    <\/div>\n                <\/div>\n                        <\/div>\n        <\/div>\n                        <div  data-lazy=\"1\" class=\"module_row themify_builder_row tb_7j7t764 tf_w\">\n                        <div class=\"row_inner col_align_top tb_col_count_1 tf_box tf_rel\">\n                        <div  data-lazy=\"1\" class=\"module_column tb-column col-full tb_erty764 first\">\n                    <!-- module plain text -->\n<div  class=\"module module-plain-text tb_wibx424 \" data-lazy=\"1\">\n        <div class=\"tb_text_wrap\">\n        <\/div>\n<\/div>\n<!-- \/module plain text --><!-- module text -->\n<div  class=\"module module-text tb_7xwa340   \" data-lazy=\"1\">\n        <div  class=\"tb_text_wrap\">\n        <p style=\"text-align: left;\">Das Wohnmobil auf R\u00e4dern ist so gebaut, dass Sie unabh\u00e4ngig von den Wetterbedingungen drau\u00dfen darin arbeiten k\u00f6nnen. Die Konstruktion des Wohnmobils besteht aus einem gegen Korrosion gesch\u00fctzten Stahlrahmen und einem Holzrahmen. Die hochwertige Isolierung und die stilvolle Ausf\u00fchrung in Holz und anthrazitfarbenen Platten sehen toll aus.<br \/><strong>Sehen Sie sich unsere Live-Projekte an.<\/strong><\/p>    <\/div>\n<\/div>\n<!-- \/module text -->        <\/div>\n                        <\/div>\n        <\/div>\n        <\/div>\n<!--\/themify_builder_content-->","protected":false},"excerpt":{"rendered":"<p>\u00dcber uns&nbsp; Wir sind ein Familienunternehmen. Wir bauen seit vielen Jahren erfolgreich moderne und langlebige Geb\u00e4ude auf Basis innovativer Technologien. Einen gro\u00dfen Teil unseres Erfolgs verdanken wir unseren Kunden, denn ohne sie und ihre Empfehlungen g\u00e4be es uns nicht Aufgrund unserer langj\u00e4hrigen Erfahrung in der Branche haben wir uns entschlossen, unseren Kunden eine revolution\u00e4re L\u00f6sung [&hellip;]<\/p>\n","protected":false},"author":3,"featured_media":0,"parent":0,"menu_order":0,"comment_status":"closed","ping_status":"closed","template":"","meta":{"nf_dc_page":"","footnotes":""},"class_list":["post-850","page","type-page","status-publish","hentry","has-post-title","has-post-date","has-post-category","has-post-tag","has-post-comment","has-post-author",""],"yoast_head":"<!-- This site is optimized with the Yoast SEO Premium plugin v21.3 (Yoast SEO v27.4) - https:\/\/yoast.com\/product\/yoast-seo-premium-wordpress\/ -->\n<title>\u00dcber uns - KAP House<\/title>\n<meta name=\"robots\" content=\"index, follow, max-snippet:-1, max-image-preview:large, max-video-preview:-1\" \/>\n<link rel=\"canonical\" href=\"https:\/\/kaphouse.pl\/de\/o-nas\/\" \/>\n<meta property=\"og:locale\" content=\"de_DE\" \/>\n<meta property=\"og:type\" content=\"article\" \/>\n<meta property=\"og:title\" content=\"\u00dcber uns\" \/>\n<meta property=\"og:description\" content=\"\u00dcber uns&nbsp; Wir sind ein Familienunternehmen. Wir bauen seit vielen Jahren erfolgreich moderne und langlebige Geb\u00e4ude auf Basis innovativer Technologien. Einen gro\u00dfen Teil unseres Erfolgs verdanken wir unseren Kunden, denn ohne sie und ihre Empfehlungen g\u00e4be es uns nicht Aufgrund unserer langj\u00e4hrigen Erfahrung in der Branche haben wir uns entschlossen, unseren Kunden eine revolution\u00e4re L\u00f6sung [&hellip;]\" \/>\n<meta property=\"og:url\" content=\"https:\/\/kaphouse.pl\/de\/o-nas\/\" \/>\n<meta property=\"og:site_name\" content=\"KAP House\" \/>\n<meta property=\"article:modified_time\" content=\"2021-12-15T12:37:55+00:00\" \/>\n<meta property=\"og:image\" content=\"https:\/\/kaphouse.pl\/wp-content\/uploads\/2021\/10\/Foto_028-scaled.jpg\" \/>\n<meta name=\"twitter:card\" content=\"summary_large_image\" \/>\n<script type=\"application\/ld+json\" class=\"yoast-schema-graph\">{\"@context\":\"https:\\\/\\\/schema.org\",\"@graph\":[{\"@type\":\"WebPage\",\"@id\":\"https:\\\/\\\/kaphouse.pl\\\/de\\\/o-nas\\\/\",\"url\":\"https:\\\/\\\/kaphouse.pl\\\/de\\\/o-nas\\\/\",\"name\":\"\u00dcber uns - KAP House\",\"isPartOf\":{\"@id\":\"https:\\\/\\\/kaphouse.pl\\\/de\\\/#website\"},\"primaryImageOfPage\":{\"@id\":\"https:\\\/\\\/kaphouse.pl\\\/de\\\/o-nas\\\/#primaryimage\"},\"image\":{\"@id\":\"https:\\\/\\\/kaphouse.pl\\\/de\\\/o-nas\\\/#primaryimage\"},\"thumbnailUrl\":\"https:\\\/\\\/kaphouse.pl\\\/wp-content\\\/uploads\\\/2021\\\/10\\\/Foto_028-scaled.jpg\",\"datePublished\":\"2021-09-21T10:54:32+00:00\",\"dateModified\":\"2021-12-15T12:37:55+00:00\",\"breadcrumb\":{\"@id\":\"https:\\\/\\\/kaphouse.pl\\\/de\\\/o-nas\\\/#breadcrumb\"},\"inLanguage\":\"de\",\"potentialAction\":[{\"@type\":\"ReadAction\",\"target\":[\"https:\\\/\\\/kaphouse.pl\\\/de\\\/o-nas\\\/\"]}]},{\"@type\":\"ImageObject\",\"inLanguage\":\"de\",\"@id\":\"https:\\\/\\\/kaphouse.pl\\\/de\\\/o-nas\\\/#primaryimage\",\"url\":\"https:\\\/\\\/kaphouse.pl\\\/wp-content\\\/uploads\\\/2021\\\/10\\\/Foto_028-scaled.jpg\",\"contentUrl\":\"https:\\\/\\\/kaphouse.pl\\\/wp-content\\\/uploads\\\/2021\\\/10\\\/Foto_028-scaled.jpg\"},{\"@type\":\"BreadcrumbList\",\"@id\":\"https:\\\/\\\/kaphouse.pl\\\/de\\\/o-nas\\\/#breadcrumb\",\"itemListElement\":[{\"@type\":\"ListItem\",\"position\":1,\"name\":\"Strona g\u0142\u00f3wna\",\"item\":\"https:\\\/\\\/kaphouse.pl\\\/de\\\/\"},{\"@type\":\"ListItem\",\"position\":2,\"name\":\"\u00dcber uns\"}]},{\"@type\":\"WebSite\",\"@id\":\"https:\\\/\\\/kaphouse.pl\\\/de\\\/#website\",\"url\":\"https:\\\/\\\/kaphouse.pl\\\/de\\\/\",\"name\":\"KAP House - Tiny House - Domki mobilne na ko\u0142ach\",\"description\":\"Twoja wizja jest dla nas inspiracj\u0105\",\"publisher\":{\"@id\":\"https:\\\/\\\/kaphouse.pl\\\/de\\\/#organization\"},\"alternateName\":\"KAP House - Producent Domow mobilnych i modulowych na ko\u0142ach\",\"potentialAction\":[{\"@type\":\"SearchAction\",\"target\":{\"@type\":\"EntryPoint\",\"urlTemplate\":\"https:\\\/\\\/kaphouse.pl\\\/de\\\/?s={search_term_string}\"},\"query-input\":{\"@type\":\"PropertyValueSpecification\",\"valueRequired\":true,\"valueName\":\"search_term_string\"}}],\"inLanguage\":\"de\"},{\"@type\":\"Organization\",\"@id\":\"https:\\\/\\\/kaphouse.pl\\\/de\\\/#organization\",\"name\":\"KAP House - Tiny House - Tworzymy domki mobilne na ko\u0142ach\",\"alternateName\":\"Tiny House\",\"url\":\"https:\\\/\\\/kaphouse.pl\\\/de\\\/\",\"logo\":{\"@type\":\"ImageObject\",\"inLanguage\":\"de\",\"@id\":\"https:\\\/\\\/kaphouse.pl\\\/de\\\/#\\\/schema\\\/logo\\\/image\\\/\",\"url\":\"https:\\\/\\\/kaphouse.pl\\\/wp-content\\\/uploads\\\/2021\\\/09\\\/KAP-House-logo.png\",\"contentUrl\":\"https:\\\/\\\/kaphouse.pl\\\/wp-content\\\/uploads\\\/2021\\\/09\\\/KAP-House-logo.png\",\"width\":400,\"height\":196,\"caption\":\"KAP House - Tiny House - Tworzymy domki mobilne na ko\u0142ach\"},\"image\":{\"@id\":\"https:\\\/\\\/kaphouse.pl\\\/de\\\/#\\\/schema\\\/logo\\\/image\\\/\"}}]}<\/script>\n<!-- \/ Yoast SEO Premium plugin. -->","yoast_head_json":{"title":"\u00dcber uns - KAP House","robots":{"index":"index","follow":"follow","max-snippet":"max-snippet:-1","max-image-preview":"max-image-preview:large","max-video-preview":"max-video-preview:-1"},"canonical":"https:\/\/kaphouse.pl\/de\/o-nas\/","og_locale":"de_DE","og_type":"article","og_title":"\u00dcber uns","og_description":"\u00dcber uns&nbsp; Wir sind ein Familienunternehmen. Wir bauen seit vielen Jahren erfolgreich moderne und langlebige Geb\u00e4ude auf Basis innovativer Technologien. Einen gro\u00dfen Teil unseres Erfolgs verdanken wir unseren Kunden, denn ohne sie und ihre Empfehlungen g\u00e4be es uns nicht Aufgrund unserer langj\u00e4hrigen Erfahrung in der Branche haben wir uns entschlossen, unseren Kunden eine revolution\u00e4re L\u00f6sung [&hellip;]","og_url":"https:\/\/kaphouse.pl\/de\/o-nas\/","og_site_name":"KAP House","article_modified_time":"2021-12-15T12:37:55+00:00","og_image":[{"url":"https:\/\/kaphouse.pl\/wp-content\/uploads\/2021\/10\/Foto_028-scaled.jpg","type":"","width":"","height":""}],"twitter_card":"summary_large_image","schema":{"@context":"https:\/\/schema.org","@graph":[{"@type":"WebPage","@id":"https:\/\/kaphouse.pl\/de\/o-nas\/","url":"https:\/\/kaphouse.pl\/de\/o-nas\/","name":"\u00dcber uns - KAP House","isPartOf":{"@id":"https:\/\/kaphouse.pl\/de\/#website"},"primaryImageOfPage":{"@id":"https:\/\/kaphouse.pl\/de\/o-nas\/#primaryimage"},"image":{"@id":"https:\/\/kaphouse.pl\/de\/o-nas\/#primaryimage"},"thumbnailUrl":"https:\/\/kaphouse.pl\/wp-content\/uploads\/2021\/10\/Foto_028-scaled.jpg","datePublished":"2021-09-21T10:54:32+00:00","dateModified":"2021-12-15T12:37:55+00:00","breadcrumb":{"@id":"https:\/\/kaphouse.pl\/de\/o-nas\/#breadcrumb"},"inLanguage":"de","potentialAction":[{"@type":"ReadAction","target":["https:\/\/kaphouse.pl\/de\/o-nas\/"]}]},{"@type":"ImageObject","inLanguage":"de","@id":"https:\/\/kaphouse.pl\/de\/o-nas\/#primaryimage","url":"https:\/\/kaphouse.pl\/wp-content\/uploads\/2021\/10\/Foto_028-scaled.jpg","contentUrl":"https:\/\/kaphouse.pl\/wp-content\/uploads\/2021\/10\/Foto_028-scaled.jpg"},{"@type":"BreadcrumbList","@id":"https:\/\/kaphouse.pl\/de\/o-nas\/#breadcrumb","itemListElement":[{"@type":"ListItem","position":1,"name":"Strona g\u0142\u00f3wna","item":"https:\/\/kaphouse.pl\/de\/"},{"@type":"ListItem","position":2,"name":"\u00dcber uns"}]},{"@type":"WebSite","@id":"https:\/\/kaphouse.pl\/de\/#website","url":"https:\/\/kaphouse.pl\/de\/","name":"KAP House - Tiny House - Domki mobilne na ko\u0142ach","description":"Twoja wizja jest dla nas inspiracj\u0105","publisher":{"@id":"https:\/\/kaphouse.pl\/de\/#organization"},"alternateName":"KAP House - Producent Domow mobilnych i modulowych na ko\u0142ach","potentialAction":[{"@type":"SearchAction","target":{"@type":"EntryPoint","urlTemplate":"https:\/\/kaphouse.pl\/de\/?s={search_term_string}"},"query-input":{"@type":"PropertyValueSpecification","valueRequired":true,"valueName":"search_term_string"}}],"inLanguage":"de"},{"@type":"Organization","@id":"https:\/\/kaphouse.pl\/de\/#organization","name":"KAP House - Tiny House - Tworzymy domki mobilne na ko\u0142ach","alternateName":"Tiny House","url":"https:\/\/kaphouse.pl\/de\/","logo":{"@type":"ImageObject","inLanguage":"de","@id":"https:\/\/kaphouse.pl\/de\/#\/schema\/logo\/image\/","url":"https:\/\/kaphouse.pl\/wp-content\/uploads\/2021\/09\/KAP-House-logo.png","contentUrl":"https:\/\/kaphouse.pl\/wp-content\/uploads\/2021\/09\/KAP-House-logo.png","width":400,"height":196,"caption":"KAP House - Tiny House - Tworzymy domki mobilne na ko\u0142ach"},"image":{"@id":"https:\/\/kaphouse.pl\/de\/#\/schema\/logo\/image\/"}}]}},"builder_content":"<h1>\u00dcber uns<br\/>&nbsp;<\/h1>\n<p><strong>Wir sind ein Familienunternehmen.<\/strong> Wir bauen seit vielen Jahren erfolgreich moderne und langlebige Geb\u00e4ude auf Basis innovativer Technologien. Einen gro\u00dfen Teil unseres Erfolgs verdanken wir unseren Kunden, denn ohne sie und ihre Empfehlungen g\u00e4be es uns nicht<\/p> <p>Aufgrund unserer langj\u00e4hrigen Erfahrung in der Branche haben wir uns entschlossen, unseren Kunden eine revolution\u00e4re L\u00f6sung anzubieten - <strong>Wohnmobile auf R\u00e4dern<\/strong>. Unser Ziel ist die 100%-ige Zufriedenheit unserer Kunden, weshalb wir das Design des Minihauses sorgf\u00e4ltig und \u00fcber einen langen Zeitraum vorbereitet haben. <\/p> <p>Die Anh\u00e4nger, die wir bauen, haben eine kleine Grundfl\u00e4che, aber ein gro\u00dfes Potenzial und ein tolles Aussehen. Jedes Haus hat alles, was Sie f\u00fcr ein komfortables t\u00e4gliches Leben brauchen, \u00fcberall auf der Welt. Wir f\u00fchren sowohl vorgefertigte als auch individuell f\u00fcr den Kunden erstellte Projekte durch.<\/p>\n<p>Wir arbeiten an Wohnmobilen von <strong>A bis Z<\/strong>, so dass wir sicher sein k\u00f6nnen, dass das an den Kunden gelieferte Produkt unter unserer vollen Kontrolle steht. Wir w\u00e4hlen die hochwertigsten Materialien aus, damit die Objekte viele Jahre lang ihren Dienst tun, und wir bem\u00fchen uns, dassihr <strong>Preis der Qualit\u00e4t und der Zufriedenheit der Benutzer angemessen ist.<\/strong><\/p>\n<h1>Warum ist es das wert?<br\/><\/h1>\n<img src=\"https:\/\/kaphouse.pl\/wp-content\/uploads\/2021\/10\/Foto_028-scaled.jpg\" title=\"Foto_028\" alt=\"Foto_028\" srcset=\"https:\/\/kaphouse.pl\/wp-content\/uploads\/2021\/10\/Foto_028-scaled.jpg 2560w, https:\/\/kaphouse.pl\/wp-content\/uploads\/2021\/10\/Foto_028-300x200.jpg 300w, https:\/\/kaphouse.pl\/wp-content\/uploads\/2021\/10\/Foto_028-1024x683.jpg 1024w, https:\/\/kaphouse.pl\/wp-content\/uploads\/2021\/10\/Foto_028-768x512.jpg 768w, https:\/\/kaphouse.pl\/wp-content\/uploads\/2021\/10\/Foto_028-1536x1024.jpg 1536w, https:\/\/kaphouse.pl\/wp-content\/uploads\/2021\/10\/Foto_028-2048x1365.jpg 2048w\" sizes=\"(max-width: 2560px) 100vw, 2560px\" \/>\n<p style=\"font-weight: 400;\">Wir fragen uns oft, ob wir wirklich unser ganzes Leben an ein und denselben Ort gebunden sein wollen. Wir suchen nach Inspiration, interessanten L\u00f6sungen und neuen M\u00f6glichkeiten. Wir sind uns jedoch dar\u00fcber im Klaren, dass etwas, in das wir investieren, Komfort und Bequemlichkeit bieten und dar\u00fcber hinaus \u00fcber Jahre hinweg, unabh\u00e4ngig von der Jahreszeit, funktionieren muss.<\/p> <p style=\"font-weight: 400;\">Dank zukunftsorientierter Unternehmen wie dem unseren werden Wohnmobile entwickelt, die nicht an ein bestimmtes Gebiet gebunden sind und Ihnen die Freiheit geben, ihren Standort zu wechseln. Ein gro\u00dfer Vorteil dieser Art von Projekten ist die Tatsache, dass<strong> man nicht der Eigent\u00fcmer des Grundst\u00fccks sein muss<\/strong>, auf dem man sein Traumhaus baut. Das Land kann nur gepachtet werden. Die H\u00fctten stehen auf R\u00e4dern, was es noch einfacher macht, <strong>sie schnell und problemlos<\/strong> an ihren Bestimmungsort zu transportieren.<\/p> <p style=\"font-weight: 400;\">Diese Art von Haus hat eine kleinere Grundfl\u00e4che, die Sie dazu zwingt, Ihren Raum entsprechend zu entwickeln. <strong>Dies f\u00f6rdert die \u00d6kologie und reduziert das Konsumverhalten.<\/strong> Die Bewohner des Wohnmobils k\u00f6nnen ihren Raum aufr\u00e4umen und sich so nach dem Prinzip \"less is more\" wohler f\u00fchlen.<\/p>\n\n<p style=\"text-align: left;\">Das Wohnmobil auf R\u00e4dern ist so gebaut, dass Sie unabh\u00e4ngig von den Wetterbedingungen drau\u00dfen darin arbeiten k\u00f6nnen. Die Konstruktion des Wohnmobils besteht aus einem gegen Korrosion gesch\u00fctzten Stahlrahmen und einem Holzrahmen. Die hochwertige Isolierung und die stilvolle Ausf\u00fchrung in Holz und anthrazitfarbenen Platten sehen toll aus.<br \/><strong>Sehen Sie sich unsere Live-Projekte an.<\/strong><\/p>","_links":{"self":[{"href":"https:\/\/kaphouse.pl\/de\/wp-json\/wp\/v2\/pages\/850","targetHints":{"allow":["GET"]}}],"collection":[{"href":"https:\/\/kaphouse.pl\/de\/wp-json\/wp\/v2\/pages"}],"about":[{"href":"https:\/\/kaphouse.pl\/de\/wp-json\/wp\/v2\/types\/page"}],"author":[{"embeddable":true,"href":"https:\/\/kaphouse.pl\/de\/wp-json\/wp\/v2\/users\/3"}],"replies":[{"embeddable":true,"href":"https:\/\/kaphouse.pl\/de\/wp-json\/wp\/v2\/comments?post=850"}],"version-history":[{"count":10,"href":"https:\/\/kaphouse.pl\/de\/wp-json\/wp\/v2\/pages\/850\/revisions"}],"predecessor-version":[{"id":1360,"href":"https:\/\/kaphouse.pl\/de\/wp-json\/wp\/v2\/pages\/850\/revisions\/1360"}],"wp:attachment":[{"href":"https:\/\/kaphouse.pl\/de\/wp-json\/wp\/v2\/media?parent=850"}],"curies":[{"name":"wp","href":"https:\/\/api.w.org\/{rel}","templated":true}]}}